{"id":22340,"date":"2020-05-22T13:57:52","date_gmt":"2020-05-22T11:57:52","guid":{"rendered":"https:\/\/mikkis.ch\/aider-fait-du-bien\/"},"modified":"2025-09-05T09:09:43","modified_gmt":"2025-09-05T07:09:43","slug":"aider-fait-du-bien","status":"publish","type":"page","link":"https:\/\/mikkis.ch\/fr\/aider-fait-du-bien\/","title":{"rendered":"Aider fait du bien"},"content":{"rendered":"\n<p>Une partie du produit de la vente est utilis\u00e9e pour soutenir r\u00e9guli\u00e8rement les organisations de sauvetage d&rsquo;animaux suivantes :<\/p>\n\n<p><a href=\"http:\/\/arca-fabiana.de\/\" target=\"_blank\" rel=\"noopener\">Arca Fabiana<\/a><\/p>\n\n<p>Cette organisation sauve des chiens des centres d&rsquo;abattage aux A\u00e7ores, s&rsquo;occupe des chiens sauv\u00e9s jusqu&rsquo;\u00e0 leur gu\u00e9rison dans les cliniques, s&rsquo;occupe des chiens des rues, de l&rsquo;\u00e9ducation et de la castration.  <\/p>\n\n<p><a href=\"https:\/\/www.vier-pfoten.ch\/\" target=\"_blank\" rel=\"noopener\">Quatre pattes<\/a><\/p>\n\n<p>VIER PFOTEN est une organisation internationale de protection des animaux. L&rsquo;organisation a pour objectif d&rsquo;aider les animaux en d\u00e9tresse par le biais de campagnes et de projets durables.<\/p>\n\n<p><a href=\"https:\/\/www.zuerchertierschutz.ch\/home.html\" target=\"_blank\" rel=\"noopener\">Protection zurichoise des animaux<\/a><\/p>\n\n<p>La Z\u00fcrcher Tierschutz s&rsquo;engage pour le bien-\u00eatre des animaux, g\u00e8re un refuge pour animaux et procure des animaux \u00e0 de nouveaux propri\u00e9taires.<\/p>\n\n<p><a href=\"https:\/\/www.wwf.ch\/de\" target=\"_blank\" rel=\"noopener\">WWF<\/a><\/p>\n\n<p>Le WWF s&rsquo;engage pour la nature. Ils prot\u00e8gent l&rsquo;environnement et fa\u00e7onnent un avenir digne d&rsquo;\u00eatre v\u00e9cu pour nous et les g\u00e9n\u00e9rations futures.<\/p>\n\n<p><a href=\"http:\/\/www.vstu.ch\" target=\"_blank\" rel=\"noopener\">Association suisse de soutien aux refuges pour animaux<\/a><\/p>\n\n<p>Cette association soutient dans toute la Suisse des refuges pour animaux, des organisations et des personnes qui s&rsquo;occupent de mani\u00e8re d\u00e9sint\u00e9ress\u00e9e d&rsquo;animaux domestiques et sauvages abandonn\u00e9s, laiss\u00e9s seuls ou bless\u00e9s.  <\/p>\n\n<p><a href=\"https:\/\/www.susyutzinger.ch\/\" target=\"_blank\" rel=\"noopener\">Fondation Susy Utzinger pour la protection des animaux<\/a><\/p>\n\n<p>Gr\u00e2ce \u00e0 des moyens efficaces, la Fondation Susy Utzinger pour la protection des animaux contribue \u00e0 r\u00e9duire durablement, voire \u00e0 emp\u00eacher la souffrance animale en Suisse et dans de nombreux autres pays.<\/p>\n\n<p><a href=\"https:\/\/www.tierhilfe-lucy.ch\/\" target=\"_blank\" rel=\"noopener\">Aide aux animaux Lucy<\/a><\/p>\n\n<p>Cette association de protection des animaux a notamment pour objectif de fournir une aide directe sur place, en Belgique et \u00e0 l&rsquo;\u00e9tranger ; l&rsquo;accent est mis sur les animaux \u00e2g\u00e9s et handicap\u00e9s ainsi que sur les pires cas d&rsquo;urgence.<\/p>\n","protected":false},"excerpt":{"rendered":"<p>Une partie du produit de la vente est utilis\u00e9e pour soutenir r\u00e9guli\u00e8rement les organisations de sauvetage d&rsquo;animaux suivantes : Arca Fabiana Cette organisation sauve des chiens des centres d&rsquo;abattage aux A\u00e7ores, s&rsquo;occupe des chiens sauv\u00e9s jusqu&rsquo;\u00e0 leur gu\u00e9rison dans les cliniques, s&rsquo;occupe des chiens des rues, de l&rsquo;\u00e9ducation et de la castration. Quatre pattes VIER [&hellip;]<\/p>\n","protected":false},"author":1,"featured_media":0,"parent":0,"menu_order":0,"comment_status":"closed","ping_status":"closed","template":"","meta":{"footnotes":""},"class_list":["post-22340","page","type-page","status-publish","hentry"],"_links":{"self":[{"href":"https:\/\/mikkis.ch\/fr\/wp-json\/wp\/v2\/pages\/22340","targetHints":{"allow":["GET"]}}],"collection":[{"href":"https:\/\/mikkis.ch\/fr\/wp-json\/wp\/v2\/pages"}],"about":[{"href":"https:\/\/mikkis.ch\/fr\/wp-json\/wp\/v2\/types\/page"}],"author":[{"embeddable":true,"href":"https:\/\/mikkis.ch\/fr\/wp-json\/wp\/v2\/users\/1"}],"replies":[{"embeddable":true,"href":"https:\/\/mikkis.ch\/fr\/wp-json\/wp\/v2\/comments?post=22340"}],"version-history":[{"count":3,"href":"https:\/\/mikkis.ch\/fr\/wp-json\/wp\/v2\/pages\/22340\/revisions"}],"predecessor-version":[{"id":22346,"href":"https:\/\/mikkis.ch\/fr\/wp-json\/wp\/v2\/pages\/22340\/revisions\/22346"}],"wp:attachment":[{"href":"https:\/\/mikkis.ch\/fr\/wp-json\/wp\/v2\/media?parent=22340"}],"curies":[{"name":"wp","href":"https:\/\/api.w.org\/{rel}","templated":true}]}}