{"id":22570,"date":"2025-06-08T13:11:38","date_gmt":"2025-06-08T11:11:38","guid":{"rendered":"https:\/\/mikkis.ch\/produkt\/arbre-a-chat-blooming-cactus\/"},"modified":"2025-12-22T14:55:13","modified_gmt":"2025-12-22T13:55:13","slug":"arbre-a-chat-blooming-cactus","status":"publish","type":"product","link":"https:\/\/mikkis.ch\/fr\/produit\/arbre-a-chat-blooming-cactus\/","title":{"rendered":"Arbre \u00e0 chat Blooming Cactus"},"content":{"rendered":"<h2>L&rsquo;arbre \u00e0 chat styl\u00e9 Blooming Cactus pour des griffes soign\u00e9es<strong><br \/>\n<\/strong><\/h2>\n<p>Cet arbre \u00e0 chat s\u00e9duit par son design unique et amusant et attire l&rsquo;attention dans tous les espaces de vie. La construction solide et la base stable permettent au chat d&rsquo;aiguiser ses griffes dans toutes les positions, de sauter et de grimper. L&rsquo;arbre \u00e0 chat peut \u00e9galement \u00eatre utilis\u00e9 comme surface de repos, comme un roi sur son tr\u00f4ne.  <\/p>\n<p><strong>Caract\u00e9ristiques<br \/>\n<\/strong><\/p>\n<ul class=\"liste1\">\n<li class=\"liste1\">lit moelleux en forme de fleur pour se reposer<\/li>\n<li class=\"liste1\">construction solide et base stable pour supporter les sauts et l&rsquo;escalade<\/li>\n<li class=\"liste1\">Corde de jute de qualit\u00e9 sup\u00e9rieure limitant la perte de fibres<\/li>\n<li class=\"liste1\">chaque arbre \u00e0 chat est soigneusement fabriqu\u00e9 \u00e0 la main pour garantir la qualit\u00e9 et une excellente finition<\/li>\n<li class=\"liste1\">design unique qui apporte charme et fantaisie \u00e0 tout int\u00e9rieur<\/li>\n<\/ul>\n<p><strong>Couleur<br \/>\n<\/strong>Voir illustration<\/p>\n<p><strong>Dimensions (LxlxH)<br \/>\n<\/strong>57 x 46.5 x 105 cm<br \/>\nPlaque de fond 46.5 cm<br \/>\nColonne 12 cm<\/p>\n<p><a href=\"https:\/\/mikkis.ch\/fr\/aider-fait-du-bien\/\"><strong>Aider fait du bien !  <\/strong><\/a>MIKKIS aide &#8230; gr\u00e2ce \u00e0 tes achats, nous soutenons diff\u00e9rentes organisations de sauvetage d&rsquo;animaux !<\/p>\n<p>Tous les prix de notre boutique exclusive pour chiens et chats s&rsquo;entendent TVA incluse. Les livraisons sont effectu\u00e9es sans frais d&rsquo;envoi, ind\u00e9pendamment de la taille &amp; du poids de l&rsquo;envoi, pour toute la Suisse ! <\/p>\n","protected":false},"excerpt":{"rendered":"<p>Cet arbre \u00e0 chat s\u00e9duit par son design unique et amusant et attire l&rsquo;attention dans tous les espaces de vie. La construction solide et la base stable permettent au chat d&rsquo;aiguiser ses griffes dans toutes les positions, de sauter et de grimper. L&rsquo;arbre \u00e0 chat peut \u00e9galement \u00eatre utilis\u00e9 comme surface de repos, comme un roi sur son tr\u00f4ne.  <\/p>\n","protected":false},"featured_media":17780,"comment_status":"open","ping_status":"closed","template":"","meta":[],"product_brand":[867],"product_cat":[895,878,893,894],"product_tag":[883,881,896,882],"class_list":{"0":"post-22570","1":"product","2":"type-product","3":"status-publish","4":"has-post-thumbnail","6":"product_brand-vetreska","7":"product_cat-arbre-a-chat-jouets-pour-chats-meubles-a-griffer","8":"product_cat-boutique-du-chat","9":"product_cat-lit-pour-chat-grotte-pour-chat","10":"product_cat-soins-des-chats","11":"product_tag-chat","12":"product_tag-en-bonne-sante","13":"product_tag-soins-des-chats","14":"product_tag-un-habitat-plus-beau","16":"first","17":"outofstock","18":"shipping-taxable","19":"purchasable","20":"product-type-simple"},"_links":{"self":[{"href":"https:\/\/mikkis.ch\/fr\/wp-json\/wp\/v2\/product\/22570","targetHints":{"allow":["GET"]}}],"collection":[{"href":"https:\/\/mikkis.ch\/fr\/wp-json\/wp\/v2\/product"}],"about":[{"href":"https:\/\/mikkis.ch\/fr\/wp-json\/wp\/v2\/types\/product"}],"replies":[{"embeddable":true,"href":"https:\/\/mikkis.ch\/fr\/wp-json\/wp\/v2\/comments?post=22570"}],"wp:featuredmedia":[{"embeddable":true,"href":"https:\/\/mikkis.ch\/fr\/wp-json\/wp\/v2\/media\/17780"}],"wp:attachment":[{"href":"https:\/\/mikkis.ch\/fr\/wp-json\/wp\/v2\/media?parent=22570"}],"wp:term":[{"taxonomy":"product_brand","embeddable":true,"href":"https:\/\/mikkis.ch\/fr\/wp-json\/wp\/v2\/product_brand?post=22570"},{"taxonomy":"product_cat","embeddable":true,"href":"https:\/\/mikkis.ch\/fr\/wp-json\/wp\/v2\/product_cat?post=22570"},{"taxonomy":"product_tag","embeddable":true,"href":"https:\/\/mikkis.ch\/fr\/wp-json\/wp\/v2\/product_tag?post=22570"}],"curies":[{"name":"wp","href":"https:\/\/api.w.org\/{rel}","templated":true}]}}