{"id":22589,"date":"2023-04-25T08:19:18","date_gmt":"2023-04-25T08:19:18","guid":{"rendered":"https:\/\/mikkis.ch\/produkt\/medaille-pour-chat-avec-gravure-personnelle-diamant-coeur-avec-swarovski\/"},"modified":"2023-04-25T08:19:18","modified_gmt":"2023-04-25T06:19:18","slug":"medaille-pour-chat-avec-gravure-personnelle-diamant-coeur-avec-swarovski","status":"publish","type":"product","link":"https:\/\/mikkis.ch\/fr\/produit\/medaille-pour-chat-avec-gravure-personnelle-diamant-coeur-avec-swarovski\/","title":{"rendered":"M\u00e9daille pour chat avec gravure personnelle Diamant C\u0153ur avec Swarovski"},"content":{"rendered":"<h2><strong>Cr\u00e9e la m\u00e9daille grav\u00e9e pour ton chat pr\u00e9f\u00e9r\u00e9<br \/>\n<\/strong><\/h2>\n<p>La m\u00e9daille personnelle pour ton chat pr\u00e9f\u00e9r\u00e9. Personnalise le pendentif et \u00e9cris ta propre gravure.  Ainsi, ton ch\u00e9ri trouvera toujours sa place chez toi !<\/p>\n<p>Le c\u0153ur en diamant est en acier inoxydable poli et orn\u00e9 de pierres originales en zirconium Swarovski.<\/p>\n<p><strong>Taille<\/strong><br \/>\nSmall 20 mm<\/p>\n<p><strong>Texte \u00e0 graver (uniquement en majuscules)<br \/>\n<\/strong>Small jusqu&rsquo;\u00e0 3 lignes, 10 caract\u00e8res par ligne (12 caract\u00e8res en moyenne)<br \/>\n<strong>Veuillez saisir le texte de la gravure dans la fen\u00eatre \u00ab\u00a0Caisse\u00a0\u00bb sous \u00ab\u00a0Remarques sur la commande\u00a0\u00bb, merci beaucoup.<\/strong><\/p>\n<p><strong>Si tu cherches une autre image de marque, merci de nous envoyer un e-mail \u00e0 <a href=\"mailto:mikkis@localhost\">MIKKIS<\/a> <\/strong><\/p>\n<p><a href=\"https:\/\/mikkis.ch\/fr\/aider-fait-du-bien\/\"><strong>Aider fait du bien !  <\/strong><\/a>MIKKIS aide &#8230; gr\u00e2ce \u00e0 tes achats, nous soutenons diff\u00e9rentes organisations de sauvetage d&rsquo;animaux !<\/p>\n<p>Tous les prix de notre boutique exclusive pour chiens et chats s&rsquo;entendent TVA incluse. Les livraisons sont effectu\u00e9es sans frais d&rsquo;envoi, ind\u00e9pendamment de la taille &amp; du poids de l&rsquo;envoi, pour toute la Suisse ! <\/p>\n","protected":false},"excerpt":{"rendered":"<p>La m\u00e9daille personnelle pour ton chat pr\u00e9f\u00e9r\u00e9. Personnalise le pendentif et \u00e9cris ta propre gravure.  Ainsi, ton ch\u00e9ri trouvera toujours sa place chez toi !<\/p>\n<p>Le c\u0153ur en diamant est en acier inoxydable poli et orn\u00e9 de pierres originales en zirconium Swarovski.<\/p>\n","protected":false},"featured_media":9677,"comment_status":"open","ping_status":"closed","template":"","meta":[],"product_brand":[],"product_cat":[878,909],"product_tag":[883,910],"class_list":{"0":"post-22589","1":"product","2":"type-product","3":"status-publish","4":"has-post-thumbnail","6":"product_cat-boutique-du-chat","7":"product_cat-medaille-pour-chat-avec-gravure-personnelle","8":"product_tag-chat","9":"product_tag-collier-pour-chat","11":"first","12":"instock","13":"shipping-taxable","14":"purchasable","15":"product-type-simple"},"_links":{"self":[{"href":"https:\/\/mikkis.ch\/fr\/wp-json\/wp\/v2\/product\/22589","targetHints":{"allow":["GET"]}}],"collection":[{"href":"https:\/\/mikkis.ch\/fr\/wp-json\/wp\/v2\/product"}],"about":[{"href":"https:\/\/mikkis.ch\/fr\/wp-json\/wp\/v2\/types\/product"}],"replies":[{"embeddable":true,"href":"https:\/\/mikkis.ch\/fr\/wp-json\/wp\/v2\/comments?post=22589"}],"wp:featuredmedia":[{"embeddable":true,"href":"https:\/\/mikkis.ch\/fr\/wp-json\/wp\/v2\/media\/9677"}],"wp:attachment":[{"href":"https:\/\/mikkis.ch\/fr\/wp-json\/wp\/v2\/media?parent=22589"}],"wp:term":[{"taxonomy":"product_brand","embeddable":true,"href":"https:\/\/mikkis.ch\/fr\/wp-json\/wp\/v2\/product_brand?post=22589"},{"taxonomy":"product_cat","embeddable":true,"href":"https:\/\/mikkis.ch\/fr\/wp-json\/wp\/v2\/product_cat?post=22589"},{"taxonomy":"product_tag","embeddable":true,"href":"https:\/\/mikkis.ch\/fr\/wp-json\/wp\/v2\/product_tag?post=22589"}],"curies":[{"name":"wp","href":"https:\/\/api.w.org\/{rel}","templated":true}]}}