{"id":22665,"date":"2023-02-28T14:52:23","date_gmt":"2023-02-28T13:52:23","guid":{"rendered":"https:\/\/mikkis.ch\/produkt\/lit-pour-chat-canape-cute-pets\/"},"modified":"2023-02-28T14:52:23","modified_gmt":"2023-02-28T13:52:23","slug":"lit-pour-chat-canape-cute-pets","status":"publish","type":"product","link":"https:\/\/mikkis.ch\/fr\/produit\/lit-pour-chat-canape-cute-pets\/","title":{"rendered":"Lit pour chat Canap\u00e9 Cute Pets"},"content":{"rendered":"<h2>Le lit douillet pour ton chat !<strong><br \/>\n<\/strong><\/h2>\n<p>Ce lit pour chat est cr\u00e9\u00e9 comme un canap\u00e9 moelleux, un v\u00e9ritable accroche-regard dans chaque espace de vie. Ainsi, ton compagnon \u00e0 quatre pattes a aussi son fauteuil pr\u00e9f\u00e9r\u00e9, un lieu de retraite luxueux. Le beau coussin \u00e9pais et doux incite au repos, la taie d&rsquo;oreiller est lavable \u00e0 30 degr\u00e9s.  <\/p>\n<p><strong>Caract\u00e9ristiques<\/strong><\/p>\n<ul>\n<li class=\"description-checklist-item\">lin, imitation fourrure, PU\/look cuir, velours<\/li>\n<li class=\"description-checklist-item\">Taie d&rsquo;oreiller lavable \u00e0 30 degr\u00e9s<\/li>\n<\/ul>\n<p><strong>Couleur<\/strong><br \/>\nTaupe<\/p>\n<p><strong>Dimensions (LxlxH)<\/strong><br \/>\nDimensions : <span class=\"toevoeging\">53 x 53 x 34 cm<\/span><br \/>\nSurface de couchage : 45<span class=\"toevoeging\"> x 45 cm<\/span><\/p>\n<p><strong><a href=\"https:\/\/mikkis.ch\/fr\/aider-fait-du-bien\/\">Aider fait du bien !<\/a> <\/strong>MIKKIS aide &#8230; gr\u00e2ce \u00e0 tes achats, nous soutenons diff\u00e9rentes organisations de sauvetage d&rsquo;animaux !<\/p>\n<p>Tous les prix de notre boutique exclusive pour chiens et chats s&rsquo;entendent TVA incluse. Les livraisons sont effectu\u00e9es sans frais d&rsquo;envoi, ind\u00e9pendamment de la taille &amp; du poids de l&rsquo;envoi, pour toute la Suisse ! <\/p>\n","protected":false},"excerpt":{"rendered":"<p>Ce lit pour chat est cr\u00e9\u00e9 comme un canap\u00e9 moelleux, un v\u00e9ritable accroche-regard dans chaque espace de vie. Ainsi, ton compagnon \u00e0 quatre pattes a aussi son fauteuil pr\u00e9f\u00e9r\u00e9, un lieu de retraite luxueux. Le beau coussin \u00e9pais et doux incite au repos, la taie d&rsquo;oreiller est lavable \u00e0 30 degr\u00e9s.  <\/p>\n","protected":false},"featured_media":9380,"comment_status":"open","ping_status":"closed","template":"","meta":[],"product_brand":[],"product_cat":[944,878,893],"product_tag":[937,883,906,882],"class_list":{"0":"post-22665","1":"product","2":"type-product","3":"status-publish","4":"has-post-thumbnail","6":"product_cat-vente","7":"product_cat-boutique-du-chat","8":"product_cat-lit-pour-chat-grotte-pour-chat","9":"product_tag-caverne-pour-chats","10":"product_tag-chat","11":"product_tag-lit-pour-chat","12":"product_tag-un-habitat-plus-beau","14":"first","15":"instock","16":"sale","17":"shipping-taxable","18":"purchasable","19":"product-type-simple"},"_links":{"self":[{"href":"https:\/\/mikkis.ch\/fr\/wp-json\/wp\/v2\/product\/22665","targetHints":{"allow":["GET"]}}],"collection":[{"href":"https:\/\/mikkis.ch\/fr\/wp-json\/wp\/v2\/product"}],"about":[{"href":"https:\/\/mikkis.ch\/fr\/wp-json\/wp\/v2\/types\/product"}],"replies":[{"embeddable":true,"href":"https:\/\/mikkis.ch\/fr\/wp-json\/wp\/v2\/comments?post=22665"}],"wp:featuredmedia":[{"embeddable":true,"href":"https:\/\/mikkis.ch\/fr\/wp-json\/wp\/v2\/media\/9380"}],"wp:attachment":[{"href":"https:\/\/mikkis.ch\/fr\/wp-json\/wp\/v2\/media?parent=22665"}],"wp:term":[{"taxonomy":"product_brand","embeddable":true,"href":"https:\/\/mikkis.ch\/fr\/wp-json\/wp\/v2\/product_brand?post=22665"},{"taxonomy":"product_cat","embeddable":true,"href":"https:\/\/mikkis.ch\/fr\/wp-json\/wp\/v2\/product_cat?post=22665"},{"taxonomy":"product_tag","embeddable":true,"href":"https:\/\/mikkis.ch\/fr\/wp-json\/wp\/v2\/product_tag?post=22665"}],"curies":[{"name":"wp","href":"https:\/\/api.w.org\/{rel}","templated":true}]}}