{"id":22690,"date":"2023-02-15T12:00:35","date_gmt":"2023-02-15T11:00:35","guid":{"rendered":"https:\/\/mikkis.ch\/produkt\/sleepypod-rond-sac-pour-chien-strawberry-red\/"},"modified":"2023-02-15T12:00:35","modified_gmt":"2023-02-15T11:00:35","slug":"sleepypod-rond-sac-pour-chien-strawberry-red","status":"publish","type":"product","link":"https:\/\/mikkis.ch\/fr\/produit\/sleepypod-rond-sac-pour-chien-strawberry-red\/","title":{"rendered":"SleepyPod rond Sac pour chien Strawberry Red"},"content":{"rendered":"<h2><strong>SleepyPod, le sac pour chien, id\u00e9al pour voyager en voiture !<\/strong><\/h2>\n<p>Le SleepyPod, plusieurs fois laur\u00e9at de divers prix dans le monde entier &#8211; le sac de transport pour chiens offre \u00e0 ton animal favori une maison douillette et bien chaude. Le lit de ce sac pour chien est \u00e9quip\u00e9 d&rsquo;une peluche de haute qualit\u00e9 (100% polyester) et est lavable en machine \u00e0 30\u00b0C. De plus, le SleepyPod est le sac de transport id\u00e9al lors de voyages communs. La partie sup\u00e9rieure de ce sac de transport est facilement d\u00e9tachable gr\u00e2ce \u00e0 une fermeture \u00e9clair &amp; ton animal peut \u00e9galement utiliser le SleepyPod comme couchage \u00e0 la maison !   <\/p>\n<p><strong>Caract\u00e9ristiques<\/strong><\/p>\n<ul>\n<li>ce sac de transport a une finition de haute qualit\u00e9 &amp; une fixation pour la ceinture de s\u00e9curit\u00e9 dans la voiture<\/li>\n<li>ce sac pour chien a remport\u00e9 divers prix dans le monde entier, notamment des prix de design<\/li>\n<li>le transport de ton ch\u00e9ri est tr\u00e8s s\u00fbr en voiture, car cette caisse pour chien a pass\u00e9 des crash-tests avec la voiture (ceux-ci ont \u00e9t\u00e9 test\u00e9s)<\/li>\n<li>pour chiens jusqu&rsquo;\u00e0 environ 7 kg<\/li>\n<\/ul>\n<p><strong>Mod\u00e8les<\/strong><br \/>\nStrawberry Red (rouge)<\/p>\n<p><strong>Taille<\/strong><br \/>\n43 x 33 cm<\/p>\n<p><a href=\"https:\/\/mikkis.ch\/fr\/aider-fait-du-bien\/\"><strong>Aider fait du bien ! <\/strong>MIKKIS aide<\/a>&#8230; gr\u00e2ce \u00e0 tes achats, nous soutenons diff\u00e9rentes organisations de sauvetage d&rsquo;animaux !<\/p>\n<p>Tous les prix de notre boutique exclusive pour chiens et chats s&rsquo;entendent TVA incluse. Les livraisons sont effectu\u00e9es sans frais d&rsquo;envoi, ind\u00e9pendamment de la taille &amp; du poids de l&rsquo;envoi, pour toute la Suisse ! <\/p>\n<p><iframe title=\"Sleepypod mobile pet bed - Instructional Video\" width=\"800\" height=\"450\" src=\"https:\/\/www.youtube.com\/embed\/k7uvQpjrHEQ?feature=oembed\" frameborder=\"0\" allow=\"accelerometer; autoplay; clipboard-write; encrypted-media; gyroscope; picture-in-picture; web-share\" referrerpolicy=\"strict-origin-when-cross-origin\" allowfullscreen><\/iframe><\/p>\n","protected":false},"excerpt":{"rendered":"<p>Le SleepyPod, plusieurs fois laur\u00e9at de divers prix dans le monde entier &#8211; le sac de transport pour chiens offre \u00e0 ton animal favori une maison douillette et bien chaude. Le lit de ce sac pour chien est \u00e9quip\u00e9 d&rsquo;une peluche de haute qualit\u00e9 (100% polyester) et est lavable en machine \u00e0 30\u00b0C. De plus, le SleepyPod est le sac de transport id\u00e9al lors de voyages communs. La partie sup\u00e9rieure de ce sac de transport est facilement d\u00e9tachable gr\u00e2ce \u00e0 une fermeture \u00e9clair &amp; ton animal peut \u00e9galement utiliser le SleepyPod comme couchage \u00e0 la maison !   <\/p>\n","protected":false},"featured_media":22527,"comment_status":"open","ping_status":"closed","template":"","meta":[],"product_brand":[],"product_cat":[886,890],"product_tag":[888,891,880,892],"class_list":{"0":"post-22690","1":"product","2":"type-product","3":"status-publish","4":"has-post-thumbnail","6":"product_cat-boutique-pour-chiens","7":"product_cat-sac-a-dos-pour-chien-sac-de-transport-pour-chien-transport-de-chien","8":"product_tag-chien","9":"product_tag-en-route","10":"product_tag-petit-chien","11":"product_tag-securite","13":"first","14":"instock","15":"shipping-taxable","16":"purchasable","17":"product-type-simple"},"_links":{"self":[{"href":"https:\/\/mikkis.ch\/fr\/wp-json\/wp\/v2\/product\/22690","targetHints":{"allow":["GET"]}}],"collection":[{"href":"https:\/\/mikkis.ch\/fr\/wp-json\/wp\/v2\/product"}],"about":[{"href":"https:\/\/mikkis.ch\/fr\/wp-json\/wp\/v2\/types\/product"}],"replies":[{"embeddable":true,"href":"https:\/\/mikkis.ch\/fr\/wp-json\/wp\/v2\/comments?post=22690"}],"wp:featuredmedia":[{"embeddable":true,"href":"https:\/\/mikkis.ch\/fr\/wp-json\/wp\/v2\/media\/22527"}],"wp:attachment":[{"href":"https:\/\/mikkis.ch\/fr\/wp-json\/wp\/v2\/media?parent=22690"}],"wp:term":[{"taxonomy":"product_brand","embeddable":true,"href":"https:\/\/mikkis.ch\/fr\/wp-json\/wp\/v2\/product_brand?post=22690"},{"taxonomy":"product_cat","embeddable":true,"href":"https:\/\/mikkis.ch\/fr\/wp-json\/wp\/v2\/product_cat?post=22690"},{"taxonomy":"product_tag","embeddable":true,"href":"https:\/\/mikkis.ch\/fr\/wp-json\/wp\/v2\/product_tag?post=22690"}],"curies":[{"name":"wp","href":"https:\/\/api.w.org\/{rel}","templated":true}]}}