{"id":22803,"date":"2024-01-11T10:48:13","date_gmt":"2024-01-11T09:48:13","guid":{"rendered":"https:\/\/mikkis.ch\/produkt\/gamelle-pour-chien-bellomania-noir-argente\/"},"modified":"2026-04-28T21:11:27","modified_gmt":"2026-04-28T19:11:27","slug":"gamelle-pour-chien-bellomania-noir-argente","status":"publish","type":"product","link":"https:\/\/mikkis.ch\/fr\/produit\/gamelle-pour-chien-bellomania-noir-argente\/","title":{"rendered":"Gamelle pour chien de Bellomania noir-argent\u00e9"},"content":{"rendered":"<h2 data-start=\"457\" data-end=\"783\">Bellomania gamelle pour chien noir-argent &#8211; gamelle styl\u00e9e avec poign\u00e9e pratique<\/h2>\n<p data-start=\"457\" data-end=\"783\">La gamelle pour chien Bellomania a \u00e9t\u00e9 con\u00e7ue pour les propri\u00e9taires de chiens qui attachent de l&rsquo;importance au design et \u00e0 la fonctionnalit\u00e9. Souvent, les gamelles sont soit pratiques, soit esth\u00e9tiques &#8211; rarement les deux. C&rsquo;est pr\u00e9cis\u00e9ment l\u00e0 que ce mod\u00e8le intervient et r\u00e9sout un probl\u00e8me quotidien : une gamelle doit \u00eatre stable, hygi\u00e9nique et en m\u00eame temps agr\u00e9able \u00e0 utiliser.  <\/p>\n<p data-start=\"785\" data-end=\"1247\">Gr\u00e2ce \u00e0 sa forme bien pens\u00e9e, cette gamelle n&rsquo;offre pas seulement un aspect attrayant, mais aussi une v\u00e9ritable valeur ajout\u00e9e dans l&rsquo;utilisation quotidienne. La forme d&rsquo;os int\u00e9gr\u00e9e est bien plus qu&rsquo;un simple \u00e9l\u00e9ment de design. Elle sert de poign\u00e9e pratique, ce qui rend la gamelle particuli\u00e8rement facile \u00e0 prendre, \u00e0 porter et \u00e0 placer. Cet avantage se remarque imm\u00e9diatement, surtout au quotidien, lorsque les choses doivent aller vite ou que la gamelle doit \u00eatre nettoy\u00e9e plusieurs fois par jour.   <\/p>\n<p data-start=\"1249\" data-end=\"1626\">Fabriqu\u00e9e en polypropyl\u00e8ne de haute qualit\u00e9, la gamelle convainc par sa robustesse et sa long\u00e9vit\u00e9. Ce mat\u00e9riau est une mati\u00e8re thermoplastique qui a fait ses preuves et qui est particuli\u00e8rement r\u00e9sistante aux chocs et aux sollicitations. En m\u00eame temps, il est l\u00e9ger, ce qui facilite encore la manipulation. La gamelle conserve sa forme et reste fiable, m\u00eame en cas d&rsquo;utilisation quotidienne.   <\/p>\n<p data-start=\"1628\" data-end=\"1906\">Un autre point d\u00e9cisif est la s\u00e9curit\u00e9 pour ton chien. La gamelle est hypoallerg\u00e9nique, adapt\u00e9e au contact alimentaire et sans risque m\u00e9dical. Cela signifie que tu n&rsquo;as pas \u00e0 te soucier de substances nocives. C&rsquo;est un crit\u00e8re important, surtout pour les chiens sensibles.   <\/p>\n<p data-start=\"1908\" data-end=\"2141\">Cette gamelle marque \u00e9galement des points en mati\u00e8re d&rsquo;hygi\u00e8ne. Elle peut \u00eatre facilement nettoy\u00e9e dans le lave-vaisselle ou tout simplement avec un chiffon doux. Elle reste ainsi durablement propre et sans odeur &#8211; sans grand effort.  <\/p>\n<p data-start=\"2143\" data-end=\"2393\">Les diff\u00e9rentes tailles permettent de trouver la version adapt\u00e9e \u00e0 chaque chien. Qu&rsquo;il s&rsquo;agisse d&rsquo;un petit compagnon ou d&rsquo;un grand quadrup\u00e8de, cette gamelle s&rsquo;adapte parfaitement \u00e0 ses besoins et offre suffisamment de place pour la nourriture ou l&rsquo;eau. <\/p>\n<p data-start=\"2395\" data-end=\"2539\">Au quotidien, on s&rsquo;aper\u00e7oit vite que cette gamelle n&rsquo;est pas seulement un bel accessoire, mais un produit bien pens\u00e9 qui facilite la vie.<\/p>\n<h2><strong>Gr\u00f6ssen &amp; Details<\/strong><\/h2>\n<p>S 250 ml<br \/>\nM 500 ml<br \/>\nL 1600 ml<\/p>\n<p><strong>Taille Classification selon la race du chien :<\/strong><\/p>\n<p><strong>S &#8211; gamelle pour chien taille S : <\/strong>Bolonka, Chihuahua, Havaneser, Malteser, Mops, Jack Russel Terrier, Teckel \u00e0 poil dur, Shi Tzu, Spitz nain, Yorkshire Terrier<\/p>\n<p><strong>M &#8211; Taille M : <\/strong>Beagle, Bolonka Zwetna, Cairn Terrier, Fox Terrier, Bouledogue fran\u00e7ais, Jack Russel Terrier, Carlin, Whippet<\/p>\n<p><strong>L &#8211; Taille L<\/strong>: Berger australien, Bouvier bernois, Border collie, Berger allemand, Fox terrier, Golden et Labradoodle, Golden retriever, Terrier irlandais, Labrador retriever, Schnauzer g\u00e9ant, Setter <\/p>\n<p>Remarque :<br \/>\nSeules les options actuellement s\u00e9lectionnables dans la boutique peuvent \u00eatre command\u00e9es.<br \/>\nMIKKIS se tient \u00e0 tout moment \u00e0 votre disposition pour toute demande particuli\u00e8re ou individuelle : <a href=\"mailto:mikkis@mikkis.ch\">mikkis@mikkis.ch<\/a><\/p>\n<h2 data-section-id=\"frmtn1\" data-start=\"2541\" data-end=\"2568\">Avantages pour ton chien<\/h2>\n<p data-start=\"2569\" data-end=\"2862\">&#8211; Hypoallerg\u00e9nique et sans danger pour les chiens sensibles<br data-start=\"2613\" data-end=\"2616\">&#8211; Convient pour les aliments et ne pr\u00e9sente aucun risque m\u00e9dical<br data-start=\"2663\" data-end=\"2666\">&#8211; Mat\u00e9riau robuste et durable<br data-start=\"2701\" data-end=\"2704\">&#8211; Hauteur d&rsquo;alimentation agr\u00e9able selon la taille<br data-start=\"2740\" data-end=\"2743\">&#8211; Pas d&rsquo;odeur ou de go\u00fbt g\u00eanant<br data-start=\"2781\" data-end=\"2784\">&#8211; Design attrayant qui incite \u00e0 manger<br data-start=\"2830\" data-end=\"2833\">&#8211; L\u00e9ger mais stable<\/p>\n<h2 data-section-id=\"onrlyx\" data-start=\"2864\" data-end=\"2886\">Application au quotidien<\/h2>\n<p data-start=\"2887\" data-end=\"3171\">La gamelle est id\u00e9ale pour les repas quotidiens avec des aliments secs ou humides ainsi que de l&rsquo;eau. Gr\u00e2ce \u00e0 la poign\u00e9e int\u00e9gr\u00e9e, elle est facile \u00e0 saisir et \u00e0 transporter. Apr\u00e8s utilisation, elle peut \u00eatre facilement lav\u00e9e au lave-vaisselle ou bri\u00e8vement nettoy\u00e9e \u00e0 la main.  <\/p>\n<h2 data-section-id=\"n6zzim\" data-start=\"3173\" data-end=\"3223\">Pourquoi ce produit est une bonne d\u00e9cision<\/h2>\n<p data-start=\"3224\" data-end=\"3652\">Une bonne gamelle accompagne ton chien tous les jours, souvent plusieurs fois. C&rsquo;est pr\u00e9cis\u00e9ment pour cette raison qu&rsquo;il vaut la peine de miser sur la qualit\u00e9 et un design bien pens\u00e9. Ce mod\u00e8le allie les deux de mani\u00e8re honn\u00eate et fonctionnelle. Chez MIKKIS, c&rsquo;est pr\u00e9cis\u00e9ment cette exigence qui est au centre des pr\u00e9occupations : des produits qui ne sont pas seulement beaux, mais qui convainquent vraiment au quotidien. Tu optes ici pour le confort, la s\u00e9curit\u00e9 et le style &#8211; pour toi et ton chien.    <\/p>\n<h2 data-section-id=\"1hryhf7\" data-start=\"3654\" data-end=\"3660\">FAQ<\/h2>\n<p data-start=\"3661\" data-end=\"3769\">La gamelle <strong data-start=\"3661\" data-end=\"3700\">peut-elle \u00eatre lav\u00e9e au lave-vaisselle ?<\/strong><br \/>\nOui, la gamelle peut \u00eatre lav\u00e9e sans probl\u00e8me au lave-vaisselle.<br \/>\n<strong data-start=\"3771\" data-end=\"3815\">Le mat\u00e9riau est-il s\u00fbr pour mon chien ?<\/strong><br \/>\nOui, elle est hypoallerg\u00e9nique, de qualit\u00e9 alimentaire et ne pr\u00e9sente aucun risque m\u00e9dical.<br \/>\n<strong data-start=\"3891\" data-end=\"3942\">Quelle est la taille adapt\u00e9e \u00e0 mon chien ?<\/strong><br data-start=\"3700\" data-end=\"3703\">S convient aux chiens de petite race, M aux chiens de taille moyenne et L aux chiens de grande taille.<br data-start=\"3815\" data-end=\"3818\"><strong data-start=\"4028\" data-end=\"4085\">La gamelle est-elle suffisamment solide pour un usage quotidien ?<\/strong><br data-start=\"3942\" data-end=\"3945\">Oui, le polypropyl\u00e8ne utilis\u00e9 est particuli\u00e8rement robuste et durable.<br data-start=\"4085\" data-end=\"4088\"><strong data-start=\"4157\" data-end=\"4205\">Puis-je \u00e9galement utiliser la gamelle pour l&rsquo;eau ?<\/strong><br data-start=\"4205\" data-end=\"4208\">Oui, elle convient aussi bien pour la nourriture que pour l&rsquo;eau.<\/p>\n<p><a href=\"https:\/\/mikkis.ch\/fr\/aider-fait-du-bien\/\">Aider fait du bien ! MIKKIS aide &#8230; gr\u00e2ce \u00e0 tes achats, nous soutenons diff\u00e9rentes organisations de sauvetage d&rsquo;animaux<\/a>.<\/p>\n<p>Tous les prix de notre boutique exclusive pour chiens et chats s&rsquo;entendent TVA incluse. Les livraisons sont effectu\u00e9es sans frais d&rsquo;envoi, ind\u00e9pendamment de la taille &amp; du poids de l&rsquo;envoi, pour toute la Suisse. <\/p>\n","protected":false},"excerpt":{"rendered":"<p>Cette gamelle pour chien allie un design \u00e9l\u00e9gant \u00e0 une v\u00e9ritable utilit\u00e9 au quotidien. La gamelle pour chien Bellomania convainc par sa forme d&rsquo;os frappante en guise de poign\u00e9e et rend chaque repas de ton chien encore plus attrayant. Robuste, hygi\u00e9nique et facile \u00e0 nettoyer &#8211; une gamelle qui n&rsquo;est pas seulement belle, mais qui fonctionne aussi parfaitement.  <\/p>\n","protected":false},"featured_media":26633,"comment_status":"open","ping_status":"closed","template":"","meta":[],"product_brand":[],"product_cat":[886,887],"product_tag":[888,884,1151],"class_list":{"0":"post-22803","1":"product","2":"type-product","3":"status-publish","4":"has-post-thumbnail","6":"product_cat-boutique-pour-chiens","7":"product_cat-mangeoire-fontaine-a-eau-fr","8":"product_tag-chien","9":"product_tag-fressnapf-fr","10":"product_tag-hundefutter","12":"first","13":"instock","14":"shipping-taxable","15":"purchasable","16":"product-type-variable"},"_links":{"self":[{"href":"https:\/\/mikkis.ch\/fr\/wp-json\/wp\/v2\/product\/22803","targetHints":{"allow":["GET"]}}],"collection":[{"href":"https:\/\/mikkis.ch\/fr\/wp-json\/wp\/v2\/product"}],"about":[{"href":"https:\/\/mikkis.ch\/fr\/wp-json\/wp\/v2\/types\/product"}],"replies":[{"embeddable":true,"href":"https:\/\/mikkis.ch\/fr\/wp-json\/wp\/v2\/comments?post=22803"}],"wp:featuredmedia":[{"embeddable":true,"href":"https:\/\/mikkis.ch\/fr\/wp-json\/wp\/v2\/media\/26633"}],"wp:attachment":[{"href":"https:\/\/mikkis.ch\/fr\/wp-json\/wp\/v2\/media?parent=22803"}],"wp:term":[{"taxonomy":"product_brand","embeddable":true,"href":"https:\/\/mikkis.ch\/fr\/wp-json\/wp\/v2\/product_brand?post=22803"},{"taxonomy":"product_cat","embeddable":true,"href":"https:\/\/mikkis.ch\/fr\/wp-json\/wp\/v2\/product_cat?post=22803"},{"taxonomy":"product_tag","embeddable":true,"href":"https:\/\/mikkis.ch\/fr\/wp-json\/wp\/v2\/product_tag?post=22803"}],"curies":[{"name":"wp","href":"https:\/\/api.w.org\/{rel}","templated":true}]}}