{"id":22824,"date":"2024-05-29T13:12:09","date_gmt":"2024-05-29T11:12:09","guid":{"rendered":"https:\/\/mikkis.ch\/produkt\/chats-gourous-cartes-oracle\/"},"modified":"2024-05-29T13:12:09","modified_gmt":"2024-05-29T11:12:09","slug":"chats-gourous-cartes-oracle","status":"publish","type":"product","link":"https:\/\/mikkis.ch\/fr\/produit\/chats-gourous-cartes-oracle\/","title":{"rendered":"Chats gourous &#8211; Cartes oracle"},"content":{"rendered":"<h2>Chats gourous &#8211; Cartes oracle, sagesse des chats de renomm\u00e9e mondiale<\/h2>\n<div class=\"blurbtext\">Les gourous des chats : laisse-toi inspirer par les chats les plus populaires et les plus c\u00e9l\u00e8bres du monde et par leurs conseils pour chaque situation de la vie.<\/div>\n<div class=\"blurbtext\">Des probl\u00e8mes d&rsquo;argent ? Parle \u00e0 Blackie, le millionnaire. <\/div>\n<div class=\"blurbtext\">Tu passes une mauvaise journ\u00e9e ? Demande au chat du sourire comment retrouver le sourire.<br \/>\nTu manques de courage ? Laisse F\u00e9licette, la premi\u00e8re chatte de l&rsquo;espace, te remonter le moral.  <\/div>\n<div class=\"blurbtext\">Il suffit de choisir une carte, de suivre les conseils des chats, et tout obstacle semble surmontable.<\/div>\n<div class=\"blurbtext\">Adresse-toi \u00e0 tes chats pr\u00e9f\u00e9r\u00e9s pour obtenir des conseils de vie r\u00e9v\u00e9lateurs, de l&rsquo;inspiration et une bonne dose d&rsquo;humour f\u00e9lin.<\/div>\n<div><\/div>\n<div class=\"blurbtext\">Le cadeau parfait pour tous les amoureux des chats dans votre vie.<\/div>\n<div><\/div>\n<div class=\"blurbtext\">50 cartes dans une bo\u00eete cadeau avec un livret d&rsquo;accompagnement contenant les instructions du jeu et une pr\u00e9sentation de tous les chats.<\/div>\n<div>\n<p><a href=\"https:\/\/mikkis.ch\/fr\/aider-fait-du-bien\/\"><strong>Aider fait du bien !  <\/strong><\/a>MIKKIS aide &#8230; gr\u00e2ce \u00e0 tes achats, nous soutenons diff\u00e9rentes organisations de sauvetage d&rsquo;animaux !<\/p>\n<p>Tous les prix de notre boutique exclusive pour chiens et chats s&rsquo;entendent TVA incluse. Les livraisons sont effectu\u00e9es sans frais d&rsquo;envoi, ind\u00e9pendamment de la taille &amp; du poids de l&rsquo;envoi, pour toute la Suisse ! <\/p>\n<\/div>\n","protected":false},"excerpt":{"rendered":"<div class=\"blurbtext\">Laisse-toi inspirer par les chats les plus populaires et les plus c\u00e9l\u00e8bres du monde et par leurs conseils pour chaque situation de la vie.<\/div>\n<div class=\"blurbtext\">Des probl\u00e8mes d&rsquo;argent ? Parle \u00e0 Blackie, le millionnaire. <\/div>\n<div class=\"blurbtext\">Tu passes une mauvaise journ\u00e9e ? Demande au chat du sourire comment retrouver le sourire.<br \/>\nTu manques de courage ? Laisse F\u00e9licette, la premi\u00e8re chatte de l&rsquo;espace, te remonter le moral.  <\/div>\n<div class=\"blurbtext\">Il suffit de choisir une carte, de suivre les conseils des chats, et tout obstacle semble surmontable.<\/div>\n<div class=\"blurbtext\">Adresse-toi \u00e0 tes chats pr\u00e9f\u00e9r\u00e9s pour obtenir des conseils de vie r\u00e9v\u00e9lateurs, de l&rsquo;inspiration et une bonne dose d&rsquo;humour f\u00e9lin.<\/div>\n","protected":false},"featured_media":0,"comment_status":"closed","ping_status":"closed","template":"","meta":[],"product_brand":[],"product_cat":[878],"product_tag":[883],"class_list":{"0":"post-22824","1":"product","2":"type-product","3":"status-publish","5":"product_cat-boutique-du-chat","6":"product_tag-chat","8":"first","9":"outofstock","10":"shipping-taxable","11":"purchasable","12":"product-type-simple"},"_links":{"self":[{"href":"https:\/\/mikkis.ch\/fr\/wp-json\/wp\/v2\/product\/22824","targetHints":{"allow":["GET"]}}],"collection":[{"href":"https:\/\/mikkis.ch\/fr\/wp-json\/wp\/v2\/product"}],"about":[{"href":"https:\/\/mikkis.ch\/fr\/wp-json\/wp\/v2\/types\/product"}],"replies":[{"embeddable":true,"href":"https:\/\/mikkis.ch\/fr\/wp-json\/wp\/v2\/comments?post=22824"}],"wp:attachment":[{"href":"https:\/\/mikkis.ch\/fr\/wp-json\/wp\/v2\/media?parent=22824"}],"wp:term":[{"taxonomy":"product_brand","embeddable":true,"href":"https:\/\/mikkis.ch\/fr\/wp-json\/wp\/v2\/product_brand?post=22824"},{"taxonomy":"product_cat","embeddable":true,"href":"https:\/\/mikkis.ch\/fr\/wp-json\/wp\/v2\/product_cat?post=22824"},{"taxonomy":"product_tag","embeddable":true,"href":"https:\/\/mikkis.ch\/fr\/wp-json\/wp\/v2\/product_tag?post=22824"}],"curies":[{"name":"wp","href":"https:\/\/api.w.org\/{rel}","templated":true}]}}