{"id":22826,"date":"2024-05-29T13:33:03","date_gmt":"2024-05-29T11:33:03","guid":{"rendered":"https:\/\/mikkis.ch\/produkt\/manteau-pour-chien-skipper-noir\/"},"modified":"2024-05-29T13:33:03","modified_gmt":"2024-05-29T11:33:03","slug":"manteau-pour-chien-skipper-noir","status":"publish","type":"product","link":"https:\/\/mikkis.ch\/fr\/produit\/manteau-pour-chien-skipper-noir\/","title":{"rendered":"Manteau pour chien Skipper Noir"},"content":{"rendered":"<h2>Le manteau pour chien Skipper Noir &#8211; Prot\u00e9g\u00e9 contre la pluie<\/h2>\n<p>Ce beau et \u00e9l\u00e9gant manteau pour chien est imperm\u00e9able. Cet imperm\u00e9able s&rsquo;enfile tr\u00e8s facilement en le fermant dans le dos \u00e0 l&rsquo;aide d&rsquo;une fermeture \u00e9clair. De plus, il dispose de deux attaches m\u00e9talliques au niveau des \u00e9paules pour fixer la laisse.  <\/p>\n<p>Pourquoi les v\u00eatements pour chiens sont-ils importants ?<br \/>\nDe par leur petite taille, les petits chiens sont tr\u00e8s proches du sol froid. C&rsquo;est pourquoi il est important qu&rsquo;ils soient prot\u00e9g\u00e9s de l&rsquo;humidit\u00e9 &amp; du froid. Le chien doit se sentir \u00e0 l&rsquo;aise dans ses v\u00eatements &amp; pouvoir bouger facilement.  <\/p>\n<p><strong>Caract\u00e9ristiques<\/strong><\/p>\n<ul>\n<li>\u00e9tanche<\/li>\n<li>sans manches<\/li>\n<li>Raccord m\u00e9tallique pour la laisse<\/li>\n<li>fermeture \u00e9clair dans le dos<\/li>\n<li>lavable en machine \u00e0 30 \u00b0.<\/li>\n<\/ul>\n<p><strong>Mod\u00e8les<br \/>\n<\/strong>Noir<\/p>\n<p><strong>Taille<\/strong><\/p>\n<p><img fetchpriority=\"high\" decoding=\"async\" class=\"size-medium wp-image-6909\" src=\"https:\/\/mikkis.ch\/wp-content\/uploads\/2022\/04\/measures-246x300.jpg\" alt=\"Imperm\u00e9able pour chiens\" width=\"246\" height=\"300\" srcset=\"https:\/\/mikkis.ch\/wp-content\/uploads\/2022\/04\/measures-246x300.jpg 246w, https:\/\/mikkis.ch\/wp-content\/uploads\/2022\/04\/measures.jpg 480w\" sizes=\"(max-width: 246px) 100vw, 246px\" \/><\/p>\n<p><a href=\"https:\/\/mikkis.ch\/fr\/aider-fait-du-bien\/\"><strong>Aider fait du bien ! <\/strong>MIKKIS aide<\/a>&#8230; gr\u00e2ce \u00e0 tes achats, nous soutenons diff\u00e9rentes organisations de sauvetage d&rsquo;animaux !<\/p>\n<p>Tous les prix de notre boutique exclusive pour chiens et chats s&rsquo;entendent TVA incluse. Les livraisons sont effectu\u00e9es sans frais d&rsquo;envoi, ind\u00e9pendamment de la taille &amp; du poids de l&rsquo;envoi, pour toute la Suisse ! <\/p>\n","protected":false},"excerpt":{"rendered":"<p>Ce beau et \u00e9l\u00e9gant manteau pour chien est imperm\u00e9able. Cet imperm\u00e9able s&rsquo;enfile tr\u00e8s facilement en le fermant dans le dos \u00e0 l&rsquo;aide d&rsquo;une fermeture \u00e9clair. De plus, il dispose de deux attaches m\u00e9talliques au niveau des \u00e9paules pour fixer la laisse.  <\/p>\n<p>Pourquoi les v\u00eatements pour chiens sont-ils importants ?<br \/>\nDe par leur petite taille, les petits chiens sont tr\u00e8s proches du sol froid. C&rsquo;est pourquoi il est important qu&rsquo;ils soient prot\u00e9g\u00e9s de l&rsquo;humidit\u00e9 &amp; du froid. Le chien doit se sentir \u00e0 l&rsquo;aise dans ses v\u00eatements &amp; pouvoir bouger facilement.  <\/p>\n","protected":false},"featured_media":20915,"comment_status":"open","ping_status":"closed","template":"","meta":[],"product_brand":[],"product_cat":[886,1009,936],"product_tag":[888,891,908,880,935],"class_list":{"0":"post-22826","1":"product","2":"type-product","3":"status-publish","4":"has-post-thumbnail","6":"product_cat-boutique-pour-chiens","7":"product_cat-manteau-pour-chien-impermeable-pour-chien","8":"product_cat-vetements-pour-chiens","9":"product_tag-chien","10":"product_tag-en-route","11":"product_tag-impermeable-a-leau","12":"product_tag-petit-chien","13":"product_tag-vetements-pour-chiens","15":"first","16":"outofstock","17":"shipping-taxable","18":"product-type-variable"},"_links":{"self":[{"href":"https:\/\/mikkis.ch\/fr\/wp-json\/wp\/v2\/product\/22826","targetHints":{"allow":["GET"]}}],"collection":[{"href":"https:\/\/mikkis.ch\/fr\/wp-json\/wp\/v2\/product"}],"about":[{"href":"https:\/\/mikkis.ch\/fr\/wp-json\/wp\/v2\/types\/product"}],"replies":[{"embeddable":true,"href":"https:\/\/mikkis.ch\/fr\/wp-json\/wp\/v2\/comments?post=22826"}],"wp:featuredmedia":[{"embeddable":true,"href":"https:\/\/mikkis.ch\/fr\/wp-json\/wp\/v2\/media\/20915"}],"wp:attachment":[{"href":"https:\/\/mikkis.ch\/fr\/wp-json\/wp\/v2\/media?parent=22826"}],"wp:term":[{"taxonomy":"product_brand","embeddable":true,"href":"https:\/\/mikkis.ch\/fr\/wp-json\/wp\/v2\/product_brand?post=22826"},{"taxonomy":"product_cat","embeddable":true,"href":"https:\/\/mikkis.ch\/fr\/wp-json\/wp\/v2\/product_cat?post=22826"},{"taxonomy":"product_tag","embeddable":true,"href":"https:\/\/mikkis.ch\/fr\/wp-json\/wp\/v2\/product_tag?post=22826"}],"curies":[{"name":"wp","href":"https:\/\/api.w.org\/{rel}","templated":true}]}}