{"id":22942,"date":"2025-01-21T19:10:11","date_gmt":"2025-01-21T18:10:11","guid":{"rendered":"https:\/\/mikkis.ch\/produkt\/harnais-pour-chat-stardust-noir\/"},"modified":"2025-01-21T19:10:11","modified_gmt":"2025-01-21T18:10:11","slug":"harnais-pour-chat-stardust-noir","status":"publish","type":"product","link":"https:\/\/mikkis.ch\/fr\/produit\/harnais-pour-chat-stardust-noir\/","title":{"rendered":"Harnais pour chat Stardust noir"},"content":{"rendered":"<h2><strong>Le harnais pour chats avec un effet WOW<br \/>\n<\/strong><\/h2>\n<p><span data-sheets-value=\"{\"1\":2,\"2\":\"Das Hundezelt in Filz! Der neue Schlafplatz f\u00fcr Deine Liebsten: Biete Deiner Fellnase einen gem\u00fctlichen R\u00fcckzugsort in diesem Tipi-Zelt. Ausgestattet ist dieses Tipi mit einem Kissen, der perfekte Schlafplatz f\u00fcr Hunde &amp; Katzen. Platzsparend: Bei Bedarf kann das Zelt im Handumdrehen zusammengerollt und verstaut werden. Nat\u00fcrlich ist alles waschbar! Happy Dog \u2013 Happy You!\"}\" data-sheets-userformat=\"{\"2\":513,\"3\":{\"1\":0},\"12\":0}\">Ce harnais pour chat avec effet scintillant allie fonctionnalit\u00e9 et style. Il est fabriqu\u00e9 dans un mat\u00e9riau robuste et doux qui assure le confort de votre chat, tandis que l&rsquo;effet scintillant fait de ce harnais un accessoire de mode. Le design r\u00e9glable permet un ajustement individuel, de sorte qu&rsquo;il s&rsquo;adapte parfaitement au corps de votre chat. Dot\u00e9 d&rsquo;un m\u00e9canisme de fermeture s\u00fbr, le harnais garantit une bonne tenue sans \u00eatre trop inconfortable pour l&rsquo;animal. Id\u00e9al pour les promenades ou les excursions, votre chat sera \u00e0 la fois confortable et chic lors de ses d\u00e9placements.    <\/span><\/p>\n<p><strong>Caract\u00e9ristiques<\/strong><\/p>\n<ul>\n<li>confortable<\/li>\n<li>facile<\/li>\n<li>a\u00e9r\u00e9<\/li>\n<li>r\u00e9sistant<\/li>\n<li>facile \u00e0 mettre en place<\/li>\n<\/ul>\n<p><strong>Couleur<br \/>\n<\/strong>Noir (voir illustration)<\/p>\n<p><strong>Taille<br \/>\n<\/strong>Voir illustration<\/p>\n<p><a href=\"https:\/\/mikkis.ch\/fr\/aider-fait-du-bien\/\"><strong>Aider fait du bien ! <\/strong>MIKKIS aide<\/a>&#8230; gr\u00e2ce \u00e0 tes achats, nous soutenons diff\u00e9rentes organisations de sauvetage d&rsquo;animaux !<\/p>\n<p>Tous les prix de notre boutique exclusive pour chiens et chats s&rsquo;entendent TVA incluse. Les livraisons sont effectu\u00e9es sans frais d&rsquo;envoi, ind\u00e9pendamment de la taille &amp; du poids de l&rsquo;envoi, pour toute la Suisse ! <\/p>\n","protected":false},"excerpt":{"rendered":"<p><span data-sheets-value=\"{\"1\":2,\"2\":\"Das Hundezelt in Filz! Der neue Schlafplatz f\u00fcr Deine Liebsten: Biete Deiner Fellnase einen gem\u00fctlichen R\u00fcckzugsort in diesem Tipi-Zelt. Ausgestattet ist dieses Tipi mit einem Kissen, der perfekte Schlafplatz f\u00fcr Hunde &amp; Katzen. Platzsparend: Bei Bedarf kann das Zelt im Handumdrehen zusammengerollt und verstaut werden. Nat\u00fcrlich ist alles waschbar! Happy Dog \u2013 Happy You!\"}\" data-sheets-userformat=\"{\"2\":513,\"3\":{\"1\":0},\"12\":0}\">Ce harnais pour chat avec effet scintillant allie fonctionnalit\u00e9 et style. Il est fabriqu\u00e9 dans un mat\u00e9riau robuste et doux qui assure le confort de votre chat, tandis que l&rsquo;effet scintillant fait de ce harnais un accessoire de mode. Le design r\u00e9glable permet un ajustement individuel, de sorte qu&rsquo;il s&rsquo;adapte parfaitement au corps de votre chat. Dot\u00e9 d&rsquo;un m\u00e9canisme de fermeture s\u00fbr, le harnais garantit une bonne tenue sans \u00eatre trop inconfortable pour l&rsquo;animal. Id\u00e9al pour les promenades ou les excursions, votre chat sera \u00e0 la fois confortable et chic lors de ses d\u00e9placements.    <\/span><\/p>\n","protected":false},"featured_media":16642,"comment_status":"open","ping_status":"closed","template":"","meta":[],"product_brand":[],"product_cat":[878,976],"product_tag":[883,910],"class_list":{"0":"post-22942","1":"product","2":"type-product","3":"status-publish","4":"has-post-thumbnail","6":"product_cat-boutique-du-chat","7":"product_cat-collier-harnais-pour-chat","8":"product_tag-chat","9":"product_tag-collier-pour-chat","11":"first","12":"instock","13":"shipping-taxable","14":"purchasable","15":"product-type-simple"},"_links":{"self":[{"href":"https:\/\/mikkis.ch\/fr\/wp-json\/wp\/v2\/product\/22942","targetHints":{"allow":["GET"]}}],"collection":[{"href":"https:\/\/mikkis.ch\/fr\/wp-json\/wp\/v2\/product"}],"about":[{"href":"https:\/\/mikkis.ch\/fr\/wp-json\/wp\/v2\/types\/product"}],"replies":[{"embeddable":true,"href":"https:\/\/mikkis.ch\/fr\/wp-json\/wp\/v2\/comments?post=22942"}],"wp:featuredmedia":[{"embeddable":true,"href":"https:\/\/mikkis.ch\/fr\/wp-json\/wp\/v2\/media\/16642"}],"wp:attachment":[{"href":"https:\/\/mikkis.ch\/fr\/wp-json\/wp\/v2\/media?parent=22942"}],"wp:term":[{"taxonomy":"product_brand","embeddable":true,"href":"https:\/\/mikkis.ch\/fr\/wp-json\/wp\/v2\/product_brand?post=22942"},{"taxonomy":"product_cat","embeddable":true,"href":"https:\/\/mikkis.ch\/fr\/wp-json\/wp\/v2\/product_cat?post=22942"},{"taxonomy":"product_tag","embeddable":true,"href":"https:\/\/mikkis.ch\/fr\/wp-json\/wp\/v2\/product_tag?post=22942"}],"curies":[{"name":"wp","href":"https:\/\/api.w.org\/{rel}","templated":true}]}}