{"id":22948,"date":"2025-02-12T20:59:35","date_gmt":"2025-02-12T19:59:35","guid":{"rendered":"https:\/\/mikkis.ch\/produkt\/siege-auto-pour-chien-sac-pour-chien-merle-en-option-avec-chassis-de-poussette-de-tavo\/"},"modified":"2025-02-12T20:59:35","modified_gmt":"2025-02-12T19:59:35","slug":"siege-auto-pour-chien-sac-pour-chien-merle-en-option-avec-chassis-de-poussette-de-tavo","status":"publish","type":"product","link":"https:\/\/mikkis.ch\/fr\/produit\/siege-auto-pour-chien-sac-pour-chien-merle-en-option-avec-chassis-de-poussette-de-tavo\/","title":{"rendered":"Si\u00e8ge auto pour chien \/ sac pour chien Merle (en option avec ch\u00e2ssis de poussette) de Tavo"},"content":{"rendered":"<h2>Si\u00e8ge auto pour chien avec Isofix, la s\u00e9curit\u00e9 ultime<\/h2>\n<p>Ce si\u00e8ge auto pour chien de premi\u00e8re classe de Tavo est une caisse de transport s\u00fbre pour les animaux en voiture et \u00e0 la maison, y compris une station de base avec pied de support (Isofix). Que vous soyez en voiture ou \u00e0 pied, nous portons vos aventures \u00e0 un autre niveau. Ce sac est \u00e0 la fois un lit douillet et une bo\u00eete de transport qui se fixe tr\u00e8s rapidement et facilement sur la station de base (Isofix) fournie ou, en option, sur le ch\u00e2ssis de la poussette de haute qualit\u00e9.  <\/p>\n<p>En cas d&rsquo;accident \u00e0 50 km\/h, le poids d&rsquo;un animal non attach\u00e9 est multipli\u00e9 par 35. Un chien de 12 kg p\u00e8sera alors plus de 400 kg. Il est donc d&rsquo;autant plus important de prot\u00e9ger les personnes et les animaux.  <\/p>\n<p><strong>Contenu de l&#8217;emballage :<\/strong><\/p>\n<ul>\n<li>Panier de transport &amp; capote<\/li>\n<li>Protection contre les chocs lat\u00e9raux<\/li>\n<li>Rev\u00eatement r\u00e9sistant<\/li>\n<li>Doublure en peluche<\/li>\n<li>2x surmatelas<\/li>\n<li>Longue laisse pour l&rsquo;int\u00e9rieur du panier de transport<\/li>\n<li>Laisse courte pour l&rsquo;int\u00e9rieur du panier de transport<\/li>\n<li>Sac de rangement en lin<\/li>\n<li>Station de base Guides Isofix (compatibles avec toutes les tailles)<\/li>\n<\/ul>\n<p><strong>Dimensions et donn\u00e9es techniques :<\/strong><\/p>\n<p>Small Flex :<br \/>\nDimensions ext\u00e9rieures : L 62,5 x l 40,6 x H 46,3 cm<br \/>\nDimensions int\u00e9rieures : L 48,3 x l 29,2 x H 35,5 cm<br \/>\nPoids : panier de transport &amp; capote 3,5 kg \/ avec protection contre les chocs lat\u00e9raux 4,08 kg<br \/>\nCapacit\u00e9 de charge : jusqu&rsquo;\u00e0 12 kg<\/p>\n<p>Medium Rigid :<br \/>\nDimensions ext\u00e9rieures : L 80,5 x l 40,6 x H 60,3 cm<br \/>\nDimensions int\u00e9rieures : Int\u00e9rieur : L 66 x l 29,2 x H 43 cm<br \/>\nPoids : panier de transport &amp; capote 5,3 kg \/ avec protection contre les chocs lat\u00e9raux 6,07 kg<br \/>\nCapacit\u00e9 de charge : jusqu&rsquo;\u00e0 13,6 kg<\/p>\n<p>Station de base :<br \/>\nDimensions : L 70 X l 32,5 X H 12,5 cm \/ Pied d&rsquo;appui : H 27 &#8211; 53 cm<br \/>\nPoids : 5,7 kg<\/p>\n<p><a href=\"https:\/\/mikkis.ch\/fr\/aider-fait-du-bien\/\"><strong>Aider fait du bien !  <\/strong><\/a>MIKKIS aide &#8230; gr\u00e2ce \u00e0 tes achats, nous soutenons diff\u00e9rentes organisations de sauvetage d&rsquo;animaux !<\/p>\n<p>Tous les prix de notre boutique exclusive pour chiens et chats s&rsquo;entendent TVA incluse. Les livraisons sont effectu\u00e9es sans frais d&rsquo;envoi, ind\u00e9pendamment de la taille &amp; du poids de l&rsquo;envoi, pour toute la Suisse ! <\/p>\n","protected":false},"excerpt":{"rendered":"<p>Ce si\u00e8ge auto pour chien de premi\u00e8re classe est une bo\u00eete de transport s\u00fbre pour les animaux en voiture et \u00e0 la maison, y compris une station de base avec pied de support (Isofix). Que vous soyez en voiture ou \u00e0 pied, nous portons vos aventures \u00e0 un autre niveau. Ce sac est \u00e0 la fois un lit douillet et une caisse de transport qui se fixe tr\u00e8s rapidement et facilement sur la station de base (Isofix) fournie ou, en option, sur le ch\u00e2ssis de la poussette de haute qualit\u00e9.  <\/p>\n<p>En cas d&rsquo;accident \u00e0 50 km\/h, le poids d&rsquo;un animal non attach\u00e9 est multipli\u00e9 par 35. Un chien de 12 kg p\u00e8sera alors plus de 400 kg. Il est donc d&rsquo;autant plus important de prot\u00e9ger les personnes et les animaux.  <\/p>\n","protected":false},"featured_media":21858,"comment_status":"closed","ping_status":"closed","template":"","meta":[],"product_brand":[],"product_cat":[886,875,1028,890],"product_tag":[],"class_list":{"0":"post-22948","1":"product","2":"type-product","3":"status-publish","4":"has-post-thumbnail","6":"product_cat-boutique-pour-chiens","7":"product_cat-non-categorise","8":"product_cat-poussette-pour-chien","9":"product_cat-sac-a-dos-pour-chien-sac-de-transport-pour-chien-transport-de-chien","11":"first","12":"instock","13":"shipping-taxable","14":"purchasable","15":"product-type-variable"},"_links":{"self":[{"href":"https:\/\/mikkis.ch\/fr\/wp-json\/wp\/v2\/product\/22948","targetHints":{"allow":["GET"]}}],"collection":[{"href":"https:\/\/mikkis.ch\/fr\/wp-json\/wp\/v2\/product"}],"about":[{"href":"https:\/\/mikkis.ch\/fr\/wp-json\/wp\/v2\/types\/product"}],"replies":[{"embeddable":true,"href":"https:\/\/mikkis.ch\/fr\/wp-json\/wp\/v2\/comments?post=22948"}],"wp:featuredmedia":[{"embeddable":true,"href":"https:\/\/mikkis.ch\/fr\/wp-json\/wp\/v2\/media\/21858"}],"wp:attachment":[{"href":"https:\/\/mikkis.ch\/fr\/wp-json\/wp\/v2\/media?parent=22948"}],"wp:term":[{"taxonomy":"product_brand","embeddable":true,"href":"https:\/\/mikkis.ch\/fr\/wp-json\/wp\/v2\/product_brand?post=22948"},{"taxonomy":"product_cat","embeddable":true,"href":"https:\/\/mikkis.ch\/fr\/wp-json\/wp\/v2\/product_cat?post=22948"},{"taxonomy":"product_tag","embeddable":true,"href":"https:\/\/mikkis.ch\/fr\/wp-json\/wp\/v2\/product_tag?post=22948"}],"curies":[{"name":"wp","href":"https:\/\/api.w.org\/{rel}","templated":true}]}}