{"id":23138,"date":"2023-05-11T15:14:28","date_gmt":"2023-05-11T15:14:28","guid":{"rendered":"https:\/\/mikkis.ch\/produkt\/medaille-pour-chien-avec-gravure-personnelle-trefle-a-quatre-feuilles\/"},"modified":"2023-05-11T15:14:28","modified_gmt":"2023-05-11T13:14:28","slug":"medaille-pour-chien-avec-gravure-personnelle-trefle-a-quatre-feuilles","status":"publish","type":"product","link":"https:\/\/mikkis.ch\/fr\/produit\/medaille-pour-chien-avec-gravure-personnelle-trefle-a-quatre-feuilles\/","title":{"rendered":"M\u00e9daille pour chien avec gravure personnelle Tr\u00e8fle \u00e0 quatre feuilles"},"content":{"rendered":"<h2><strong>Cr\u00e9e la m\u00e9daille grav\u00e9e pour ton chien pr\u00e9f\u00e9r\u00e9<br \/>\n<\/strong><\/h2>\n<p>La m\u00e9daille personnelle pour ton chien pr\u00e9f\u00e9r\u00e9. Personnalise le pendentif et \u00e9cris ta propre gravure.  Ainsi, ton ch\u00e9ri trouvera toujours sa place chez toi !<\/p>\n<p>Le pendentif en forme de tr\u00e8fle est en acier inoxydable poli.<\/p>\n<p><strong>Taille<\/strong><br \/>\nSmall 20 mm<br \/>\nMedium 30 mm<br \/>\nLarge 38 mm<\/p>\n<p><strong>Texte \u00e0 graver (uniquement en majuscules)<br \/>\n<\/strong>Small jusqu&rsquo;\u00e0 3 lignes, par ligne 10 caract\u00e8res (12 caract\u00e8res moyens)<br \/>\nMedium jusqu&rsquo;\u00e0 5 lignes, par ligne 16 caract\u00e8res<br \/>\nLarge jusqu&rsquo;\u00e0 5 lignes, par ligne 19 caract\u00e8res<br \/>\n<strong>Veuillez saisir le texte de la gravure dans la fen\u00eatre \u00ab\u00a0Caisse\u00a0\u00bb sous Note de commande, merci beaucoup.<\/strong><\/p>\n<p><strong>Si tu cherches une autre image de marque, merci de nous envoyer un e-mail \u00e0 <a href=\"mailto:mikkis@localhost\">MIKKIS<\/a> <\/strong><\/p>\n<p><a href=\"https:\/\/mikkis.ch\/fr\/aider-fait-du-bien\/\"><strong>Aider fait du bien !  <\/strong><\/a>MIKKIS aide &#8230; gr\u00e2ce \u00e0 tes achats, nous soutenons diff\u00e9rentes organisations de sauvetage d&rsquo;animaux !<\/p>\n<p>Tous les prix de notre boutique exclusive pour chiens et chats s&rsquo;entendent TVA incluse. Les livraisons sont effectu\u00e9es sans frais d&rsquo;envoi, ind\u00e9pendamment de la taille &amp; du poids de l&rsquo;envoi, pour toute la Suisse ! <\/p>\n","protected":false},"excerpt":{"rendered":"<p>La m\u00e9daille personnelle pour ton chien pr\u00e9f\u00e9r\u00e9. Personnalise le pendentif et \u00e9cris ta propre gravure.  Ainsi, ton ch\u00e9ri trouvera toujours sa place chez toi !<\/p>\n<p>Le pendentif en forme de tr\u00e8fle est en acier inoxydable poli.<\/p>\n","protected":false},"featured_media":9678,"comment_status":"open","ping_status":"closed","template":"","meta":[],"product_brand":[],"product_cat":[886,933],"product_tag":[888,934,891,880,935],"class_list":{"0":"post-23138","1":"product","2":"type-product","3":"status-publish","4":"has-post-thumbnail","6":"product_cat-boutique-pour-chiens","7":"product_cat-medaille-pour-chien-avec-gravure-personnalisee","8":"product_tag-chien","9":"product_tag-collier-de-chien","10":"product_tag-en-route","11":"product_tag-petit-chien","12":"product_tag-vetements-pour-chiens","14":"first","15":"instock","16":"shipping-taxable","17":"purchasable","18":"product-type-variable"},"_links":{"self":[{"href":"https:\/\/mikkis.ch\/fr\/wp-json\/wp\/v2\/product\/23138","targetHints":{"allow":["GET"]}}],"collection":[{"href":"https:\/\/mikkis.ch\/fr\/wp-json\/wp\/v2\/product"}],"about":[{"href":"https:\/\/mikkis.ch\/fr\/wp-json\/wp\/v2\/types\/product"}],"replies":[{"embeddable":true,"href":"https:\/\/mikkis.ch\/fr\/wp-json\/wp\/v2\/comments?post=23138"}],"wp:featuredmedia":[{"embeddable":true,"href":"https:\/\/mikkis.ch\/fr\/wp-json\/wp\/v2\/media\/9678"}],"wp:attachment":[{"href":"https:\/\/mikkis.ch\/fr\/wp-json\/wp\/v2\/media?parent=23138"}],"wp:term":[{"taxonomy":"product_brand","embeddable":true,"href":"https:\/\/mikkis.ch\/fr\/wp-json\/wp\/v2\/product_brand?post=23138"},{"taxonomy":"product_cat","embeddable":true,"href":"https:\/\/mikkis.ch\/fr\/wp-json\/wp\/v2\/product_cat?post=23138"},{"taxonomy":"product_tag","embeddable":true,"href":"https:\/\/mikkis.ch\/fr\/wp-json\/wp\/v2\/product_tag?post=23138"}],"curies":[{"name":"wp","href":"https:\/\/api.w.org\/{rel}","templated":true}]}}