{"id":23167,"date":"2024-06-20T14:46:46","date_gmt":"2024-06-20T12:46:46","guid":{"rendered":"https:\/\/mikkis.ch\/produkt\/sac-a-dos-pour-chien-bungalow-wouapy-gris\/"},"modified":"2024-06-20T14:46:46","modified_gmt":"2024-06-20T12:46:46","slug":"sac-a-dos-pour-chien-bungalow-wouapy-gris","status":"publish","type":"product","link":"https:\/\/mikkis.ch\/fr\/produit\/sac-a-dos-pour-chien-bungalow-wouapy-gris\/","title":{"rendered":"Sac \u00e0 dos pour chien Bungalow Wouapy Gris"},"content":{"rendered":"<h2><strong>Le sac \u00e0 dos pour chiens dans le style bungalow pour toi &amp; ton chien !<br \/>\n<\/strong><\/h2>\n<p>Ce sac \u00e0 dos pour chiens est con\u00e7u dans le style bungalow. L&rsquo;extension peut \u00eatre d\u00e9pli\u00e9e &amp; repli\u00e9e et ferm\u00e9e par une fermeture \u00e9clair. Les nombreuses fen\u00eatres en filet assurent une bonne a\u00e9ration. \u00c0 l&rsquo;int\u00e9rieur, il y a deux mousquetons pour s\u00e9curiser ton chien. Le sac \u00e0 dos peut \u00eatre fix\u00e9 au niveau de la poitrine \u00e0 l&rsquo;aide d&rsquo;une sangle et deux poches ext\u00e9rieures permettent de ranger du mat\u00e9riel.    <\/p>\n<p><strong>Caract\u00e9ristiques<\/strong><\/p>\n<ul>\n<li>ce sac \u00e0 dos \u00e9tanche pour chiens est con\u00e7u pour les d\u00e9placements avec un confort merveilleux<\/li>\n<li>ce sac \u00e0 dos de voyage est \u00e9galement int\u00e9ressant et agr\u00e9able pour ton chien, car il peut regarder \u00e0 l&rsquo;ext\u00e9rieur en cours de route<\/li>\n<li>les c\u00f4t\u00e9s sont \u00e9quip\u00e9s de fen\u00eatres en filet pour une a\u00e9ration suffisante<\/li>\n<li>le fond est renforc\u00e9 et l&rsquo;ensemble du sac \u00e0 dos est en tissu solide<\/li>\n<li>pour la s\u00e9curit\u00e9 du chien, il y a deux mousquetons de fermeture pour qu&rsquo;il ne puisse pas sauter \u00e0 l&rsquo;ext\u00e9rieur<\/li>\n<li>ce sac \u00e0 dos est adapt\u00e9 aux chiens jusqu&rsquo;\u00e0 10 kg environ <\/li>\n<\/ul>\n<p><strong>Mod\u00e8les<\/strong><br \/>\nGris (voir illustration)<\/p>\n<p><strong>Dimensions (L x l x H)<\/strong><br \/>\n36 x 30 x 43 cm<\/p>\n<p><a href=\"https:\/\/mikkis.ch\/fr\/aider-fait-du-bien\/\"><strong>Aider fait du bien !  <\/strong><\/a>MIKKIS aide &#8230; gr\u00e2ce \u00e0 tes achats, nous soutenons diff\u00e9rentes organisations de sauvetage d&rsquo;animaux !<\/p>\n<p>Tous les prix de notre boutique exclusive pour chiens et chats s&rsquo;entendent TVA incluse. Les livraisons sont effectu\u00e9es sans frais d&rsquo;envoi, ind\u00e9pendamment de la taille &amp; du poids de l&rsquo;envoi, pour toute la Suisse ! <\/p>\n","protected":false},"excerpt":{"rendered":"<p>Ce sac \u00e0 dos pour chiens est con\u00e7u dans le style bungalow. L&rsquo;extension peut \u00eatre d\u00e9pli\u00e9e &amp; repli\u00e9e et ferm\u00e9e par une fermeture \u00e9clair. Les nombreuses fen\u00eatres en filet assurent une bonne a\u00e9ration. \u00c0 l&rsquo;int\u00e9rieur, il y a deux mousquetons pour s\u00e9curiser ton chien. Le sac \u00e0 dos peut \u00eatre fix\u00e9 au niveau de la poitrine \u00e0 l&rsquo;aide d&rsquo;une sangle et deux poches ext\u00e9rieures permettent de ranger du mat\u00e9riel.    <\/p>\n","protected":false},"featured_media":0,"comment_status":"open","ping_status":"closed","template":"","meta":[],"product_brand":[],"product_cat":[944,886,890],"product_tag":[888,891,908,904,905,880,892],"class_list":{"0":"post-23167","1":"product","2":"type-product","3":"status-publish","5":"product_cat-vente","6":"product_cat-boutique-pour-chiens","7":"product_cat-sac-a-dos-pour-chien-sac-de-transport-pour-chien-transport-de-chien","8":"product_tag-chien","9":"product_tag-en-route","10":"product_tag-impermeable-a-leau","11":"product_tag-maman","12":"product_tag-papa-fr","13":"product_tag-petit-chien","14":"product_tag-securite","16":"first","17":"instock","18":"sale","19":"shipping-taxable","20":"purchasable","21":"product-type-simple"},"_links":{"self":[{"href":"https:\/\/mikkis.ch\/fr\/wp-json\/wp\/v2\/product\/23167","targetHints":{"allow":["GET"]}}],"collection":[{"href":"https:\/\/mikkis.ch\/fr\/wp-json\/wp\/v2\/product"}],"about":[{"href":"https:\/\/mikkis.ch\/fr\/wp-json\/wp\/v2\/types\/product"}],"replies":[{"embeddable":true,"href":"https:\/\/mikkis.ch\/fr\/wp-json\/wp\/v2\/comments?post=23167"}],"wp:attachment":[{"href":"https:\/\/mikkis.ch\/fr\/wp-json\/wp\/v2\/media?parent=23167"}],"wp:term":[{"taxonomy":"product_brand","embeddable":true,"href":"https:\/\/mikkis.ch\/fr\/wp-json\/wp\/v2\/product_brand?post=23167"},{"taxonomy":"product_cat","embeddable":true,"href":"https:\/\/mikkis.ch\/fr\/wp-json\/wp\/v2\/product_cat?post=23167"},{"taxonomy":"product_tag","embeddable":true,"href":"https:\/\/mikkis.ch\/fr\/wp-json\/wp\/v2\/product_tag?post=23167"}],"curies":[{"name":"wp","href":"https:\/\/api.w.org\/{rel}","templated":true}]}}