{"id":23188,"date":"2024-09-03T15:12:42","date_gmt":"2024-09-03T13:12:42","guid":{"rendered":"https:\/\/mikkis.ch\/produkt\/bac-a-litiere-katchit-gris-argente\/"},"modified":"2024-09-03T15:12:42","modified_gmt":"2024-09-03T13:12:42","slug":"bac-a-litiere-katchit-gris-argente","status":"publish","type":"product","link":"https:\/\/mikkis.ch\/fr\/produit\/bac-a-litiere-katchit-gris-argente\/","title":{"rendered":"Bac \u00e0 liti\u00e8re Katchit gris-argent\u00e9"},"content":{"rendered":"<h2>Bac \u00e0 liti\u00e8re Katchit, le bac \u00e0 liti\u00e8re hygi\u00e9nique en \u00e9mail<\/h2>\n<p>Ce bac \u00e0 liti\u00e8re est facile \u00e0 nettoyer, ne prend pas d&rsquo;odeur et s\u00e9duit par son design moderne &amp; esth\u00e9tique.<br \/>\n100% Designed &amp; Made in Germany.<\/p>\n<p>L&rsquo;Hygiene<br \/>\nKatchit est facile \u00e0 nettoyer \u00e0 l&rsquo;eau et n&rsquo;absorbe pas les odeurs. La surface non poreuse de l&rsquo;\u00e9mail est antibact\u00e9rienne et durablement facile \u00e0 entretenir. L&rsquo;\u00e9mail est souvent utilis\u00e9 dans le domaine sanitaire et dans la cuisine.  <\/p>\n<p>Le mat\u00e9riau<br \/>\nKatchit est compos\u00e9 de t\u00f4le d&rsquo;acier \u00e9maill\u00e9e et d&rsquo;aluminium anodis\u00e9. L&rsquo;\u00e9mail est fondu sur l&rsquo;acier \u00e0 haute temp\u00e9rature. Il en r\u00e9sulte une surface vitreuse, tr\u00e8s r\u00e9sistante aux rayures et aux acides et aux bases. La liti\u00e8re pour chat est extr\u00eamement durable, durable et recyclable \u00e0 100 %.   <\/p>\n<p>Avantages pour le chat<br \/>\nLes chats sont propres et sensibles aux odeurs. Ils n&rsquo;appr\u00e9cient ni l&rsquo;odeur de leurs propres excr\u00e9ments ni celle des produits m\u00e9nagers. Ce bac \u00e0 liti\u00e8re se nettoie facilement \u00e0 l&rsquo;eau et ne d\u00e9gage aucune odeur.  <\/p>\n<p><strong>Attention : ne convient pas aux personnes qui pissent debout<\/strong><\/p>\n<p><strong>Mod\u00e8les<br \/>\n<\/strong>Gris-argent (voir illustration)<strong><br \/>\n<\/strong><\/p>\n<p><strong>Taille<br \/>\n<\/strong>Diam\u00e8tre 480mm<br \/>\nHauteur 140 mm<br \/>\nPoids 3600 g<\/p>\n<p><a href=\"https:\/\/mikkis.ch\/fr\/aider-fait-du-bien\/\"><strong>Aider fait du bien !  <\/strong><\/a>MIKKIS aide &#8230; gr\u00e2ce \u00e0 tes achats, nous soutenons diff\u00e9rentes organisations de sauvetage d&rsquo;animaux !<\/p>\n<p>Tous les prix de notre boutique exclusive pour chiens et chats s&rsquo;entendent TVA incluse. Les livraisons sont effectu\u00e9es sans frais d&rsquo;envoi, ind\u00e9pendamment de la taille &amp; du poids de l&rsquo;envoi, pour toute la Suisse ! <\/p>\n","protected":false},"excerpt":{"rendered":"<p>Cette liti\u00e8re pour chat en \u00e9mail est facile \u00e0 nettoyer, ne prend pas d&rsquo;odeur et convainc par son design moderne &amp; esth\u00e9tique.<br \/>\n100% Designed &amp; Made in Germany.<\/p>\n","protected":false},"featured_media":15475,"comment_status":"open","ping_status":"closed","template":"","meta":[],"product_brand":[],"product_cat":[897,878],"product_tag":[899,883,882],"class_list":{"0":"post-23188","1":"product","2":"type-product","3":"status-publish","4":"has-post-thumbnail","6":"product_cat-bac-a-litiere-litiere-pour-chat-wc-pour-chat","7":"product_cat-boutique-du-chat","8":"product_tag-bac-a-litiere","9":"product_tag-chat","10":"product_tag-un-habitat-plus-beau","12":"first","13":"instock","14":"shipping-taxable","15":"purchasable","16":"product-type-simple"},"_links":{"self":[{"href":"https:\/\/mikkis.ch\/fr\/wp-json\/wp\/v2\/product\/23188","targetHints":{"allow":["GET"]}}],"collection":[{"href":"https:\/\/mikkis.ch\/fr\/wp-json\/wp\/v2\/product"}],"about":[{"href":"https:\/\/mikkis.ch\/fr\/wp-json\/wp\/v2\/types\/product"}],"replies":[{"embeddable":true,"href":"https:\/\/mikkis.ch\/fr\/wp-json\/wp\/v2\/comments?post=23188"}],"wp:featuredmedia":[{"embeddable":true,"href":"https:\/\/mikkis.ch\/fr\/wp-json\/wp\/v2\/media\/15475"}],"wp:attachment":[{"href":"https:\/\/mikkis.ch\/fr\/wp-json\/wp\/v2\/media?parent=23188"}],"wp:term":[{"taxonomy":"product_brand","embeddable":true,"href":"https:\/\/mikkis.ch\/fr\/wp-json\/wp\/v2\/product_brand?post=23188"},{"taxonomy":"product_cat","embeddable":true,"href":"https:\/\/mikkis.ch\/fr\/wp-json\/wp\/v2\/product_cat?post=23188"},{"taxonomy":"product_tag","embeddable":true,"href":"https:\/\/mikkis.ch\/fr\/wp-json\/wp\/v2\/product_tag?post=23188"}],"curies":[{"name":"wp","href":"https:\/\/api.w.org\/{rel}","templated":true}]}}