{"id":25315,"date":"2025-09-16T13:20:15","date_gmt":"2025-09-16T11:20:15","guid":{"rendered":"https:\/\/mikkis.ch\/produkt\/sac-a-dos-pour-chats-ibiyaya-backpack-coral-pink\/"},"modified":"2025-09-16T13:20:15","modified_gmt":"2025-09-16T11:20:15","slug":"sac-a-dos-pour-chats-ibiyaya-backpack-coral-pink","status":"publish","type":"product","link":"https:\/\/mikkis.ch\/fr\/produit\/sac-a-dos-pour-chats-ibiyaya-backpack-coral-pink\/","title":{"rendered":"Sac \u00e0 dos pour chats Ibiyaya Backpack Coral Pink"},"content":{"rendered":"<h2><strong>Le sac \u00e0 dos de randonn\u00e9e ultime pour toi et ton chat !<br \/>\n<\/strong><\/h2>\n<p>Le sac \u00e0 dos pour chats Ibiyaya Navy Blue est un sac \u00e0 dos tr\u00e8s robuste et tr\u00e8s l\u00e9ger, id\u00e9al pour les randonn\u00e9es avec ton chat, mais aussi pour les sorties quotidiennes. Il m\u00e9nage aussi ton dos, car le dos est rembourr\u00e9. <\/p>\n<p><strong>Caract\u00e9ristiques<\/strong><\/p>\n<ul>\n<li>ce sac \u00e0 dos \u00e9tanche pour chats est con\u00e7u pour les d\u00e9placements avec un merveilleux confort<\/li>\n<li>ce sac \u00e0 dos de voyage est \u00e9galement int\u00e9ressant et agr\u00e9able pour ton chat, car il peut regarder \u00e0 l&rsquo;ext\u00e9rieur en cours de route<\/li>\n<li>les c\u00f4t\u00e9s sont \u00e9quip\u00e9s de fen\u00eatres en filet pour une a\u00e9ration suffisante<\/li>\n<li>il est rembourr\u00e9 et renforc\u00e9 \u00e0 l&rsquo;arri\u00e8re &#8211; une utilisation optimale pour toi et ton chat<\/li>\n<li>le fond est renforc\u00e9 et l&rsquo;ensemble du sac \u00e0 dos est en tissu solide<\/li>\n<li>pour la s\u00e9curit\u00e9 du chat, il y a un mousqueton de fermeture pour qu&rsquo;il ne puisse pas sauter hors de la cage<\/li>\n<li>ce sac \u00e0 dos est adapt\u00e9 aux chats jusqu&rsquo;\u00e0 8 kg environ <\/li>\n<li>il est pliable \u00e0 plat<\/li>\n<li>Poches lat\u00e9rales pour le mat\u00e9riel de rangement ou les bouteilles d&rsquo;eau<\/li>\n<\/ul>\n<p><strong>Mod\u00e8les<\/strong><br \/>\nRose corail \/ Noir<br \/>\n<a href=\"https:\/\/mikkis.ch\/produkt\/ibiyaya-hunderucksack-backpack-navy-blue\/\">Bleu marine \/ Orange \/ Noir<\/a><\/p>\n<p><strong>Dimensions (L x l x H)<\/strong><br \/>\n30 x 30 x 49 cm<\/p>\n<p><strong>Aider fait du bien !  <\/strong>MIKKIS aide &#8230; gr\u00e2ce \u00e0 tes achats, nous soutenons diff\u00e9rentes organisations de sauvetage d&rsquo;animaux !<\/p>\n<p>Tous les prix de notre boutique exclusive pour chiens et chats s&rsquo;entendent TVA incluse. Les livraisons sont effectu\u00e9es sans frais d&rsquo;envoi, ind\u00e9pendamment de la taille &amp; du poids de l&rsquo;envoi, pour toute la Suisse ! <\/p>\n","protected":false},"excerpt":{"rendered":"<p>Le sac \u00e0 dos pour chats Ibiyaya Navy Blue est un sac \u00e0 dos tr\u00e8s robuste et tr\u00e8s l\u00e9ger, id\u00e9al pour les randonn\u00e9es avec ton chat, mais aussi pour les sorties quotidiennes. Il m\u00e9nage aussi ton dos, car le dos est rembourr\u00e9. <\/p>\n","protected":false},"featured_media":6018,"comment_status":"open","ping_status":"closed","template":"","meta":[],"product_brand":[],"product_cat":[878,922],"product_tag":[883,891,892],"class_list":{"0":"post-25315","1":"product","2":"type-product","3":"status-publish","4":"has-post-thumbnail","6":"product_cat-boutique-du-chat","7":"product_cat-sac-a-dos-pour-chats-transport-de-chats-sac-de-transport-pour-chats","8":"product_tag-chat","9":"product_tag-en-route","10":"product_tag-securite","12":"first","13":"instock","14":"shipping-taxable","15":"purchasable","16":"product-type-simple"},"_links":{"self":[{"href":"https:\/\/mikkis.ch\/fr\/wp-json\/wp\/v2\/product\/25315","targetHints":{"allow":["GET"]}}],"collection":[{"href":"https:\/\/mikkis.ch\/fr\/wp-json\/wp\/v2\/product"}],"about":[{"href":"https:\/\/mikkis.ch\/fr\/wp-json\/wp\/v2\/types\/product"}],"replies":[{"embeddable":true,"href":"https:\/\/mikkis.ch\/fr\/wp-json\/wp\/v2\/comments?post=25315"}],"wp:featuredmedia":[{"embeddable":true,"href":"https:\/\/mikkis.ch\/fr\/wp-json\/wp\/v2\/media\/6018"}],"wp:attachment":[{"href":"https:\/\/mikkis.ch\/fr\/wp-json\/wp\/v2\/media?parent=25315"}],"wp:term":[{"taxonomy":"product_brand","embeddable":true,"href":"https:\/\/mikkis.ch\/fr\/wp-json\/wp\/v2\/product_brand?post=25315"},{"taxonomy":"product_cat","embeddable":true,"href":"https:\/\/mikkis.ch\/fr\/wp-json\/wp\/v2\/product_cat?post=25315"},{"taxonomy":"product_tag","embeddable":true,"href":"https:\/\/mikkis.ch\/fr\/wp-json\/wp\/v2\/product_tag?post=25315"}],"curies":[{"name":"wp","href":"https:\/\/api.w.org\/{rel}","templated":true}]}}