{"id":25928,"date":"2026-01-26T15:21:42","date_gmt":"2026-01-26T14:21:42","guid":{"rendered":"https:\/\/mikkis.ch\/produkt\/katzensnacks-pangasisus-by-mikkis\/"},"modified":"2026-04-21T12:22:03","modified_gmt":"2026-04-21T10:22:03","slug":"katzensnacks-pangasisus-by-mikkis","status":"publish","type":"product","link":"https:\/\/mikkis.ch\/fr\/produit\/katzensnacks-pangasisus-by-mikkis\/","title":{"rendered":"Katzensnacks Pangasisus by MIKKIS"},"content":{"rendered":"<h2>Pasha &amp; Diva &#8211; Pangasius Katzensnacks by MIKKIS<\/h2>\n<p>Weil Deine Katze nur das Beste verdient. \u2028Die Pangasius Katzensnacks sind ein exklusives MIKKIS Produkt \u2013 speziell nur f\u00fcr Katzen entwickelt. Zart, fein und ideal zum Verw\u00f6hnen. \u2028Leicht verdaulich, bek\u00f6mmlich mit geringem Fettgehalt und perfekt f\u00fcr Training, Belohnung oder kleine Genussmomente zwischendurch.   <\/p>\n<p>Hochwertiger Pangasius trifft auf sorgf\u00e4ltig ausgew\u00e4hlte Zutaten \u2013 schonend verarbeitet, ohne unn\u00f6tigen Schnickschnack. Genau so, wie Katzen es lieben: pur, ehrlich und richtig lecker. <\/p>\n<p>Disponible chez MIKKIS Lifestyle &#8211; la boutique d&rsquo;articles pour chats &amp; chiens en Suisse, quand qualit\u00e9, style et responsabilit\u00e9 comptent.<\/p>\n<p><strong>Pourquoi des Pangasius Lekkerlis de MIKKIS ?<\/strong><\/p>\n<ul>\n<li>sp\u00e9cialement pour les chats<\/li>\n<li>facile \u00e0 dig\u00e9rer &amp; tr\u00e8s digeste<\/li>\n<li>pauvre en graisse<\/li>\n<li>id\u00e9al pour l&rsquo;entra\u00eenement et les r\u00e9compenses<\/li>\n<li>Qualit\u00e9 premium en provenance de Suisse<\/li>\n<\/ul>\n<p>Ingr\u00e9dients :Filet de pangasius, f\u00e9cule de pomme de terre, farine de riz, \u0153ufs, spiruline en poudre (verte), huile de tournesol, eau.<\/p>\n<p>Parfaits pour g\u00e2ter ou comme cadeau \u00e9l\u00e9gant pour les amoureux des chats.Acheter maintenant &#8211; de d\u00e9licieuses friandises suisses pour chats avec c\u0153ur &amp; responsabilit\u00e9.<\/p>\n<p><strong>Taille :<\/strong> 50g<\/p>\n<p><a href=\"https:\/\/mikkis.ch\/fr\/aider-fait-du-bien\/\"><strong>Aider fait du bien ! <\/strong>MIKKIS aide<\/a>&#8230; gr\u00e2ce \u00e0 tes achats, nous soutenons diff\u00e9rentes organisations de sauvetage d&rsquo;animaux !<\/p>\n<p>Tous les prix de notre boutique exclusive pour chiens et chats s&rsquo;entendent TVA incluse. Les livraisons sont effectu\u00e9es sans frais d&rsquo;envoi, ind\u00e9pendamment de la taille &amp; du poids de l&rsquo;envoi, pour toute la Suisse ! <\/p>\n","protected":false},"excerpt":{"rendered":"<p>Parce que ton chat ne m\u00e9rite que le meilleur. Les friandises pour chats au pangasius sont un produit exclusif MIKKIS &#8211; sp\u00e9cialement con\u00e7u pour les chats. Tendres, fines et id\u00e9ales pour les g\u00e2ter. Facile \u00e0 dig\u00e9rer, digeste avec une faible teneur en mati\u00e8res grasses et parfait pour l&rsquo;entra\u00eenement, les r\u00e9compenses ou les petits moments de plaisir entre deux.   <\/p>\n<p>Un pangasius de qualit\u00e9 sup\u00e9rieure associ\u00e9 \u00e0 des ingr\u00e9dients soigneusement s\u00e9lectionn\u00e9s &#8211; trait\u00e9s avec soin, sans fioritures inutiles. Exactement comme les chats l&rsquo;aiment : pur, honn\u00eate et vraiment d\u00e9licieux. <\/p>\n<p>Disponible chez MIKKIS Lifestyle &#8211; la boutique d&rsquo;articles pour chats &amp; chiens en Suisse, quand qualit\u00e9, style et responsabilit\u00e9 comptent.<\/p>\n","protected":false},"featured_media":25898,"comment_status":"open","ping_status":"closed","template":"","meta":[],"product_brand":[],"product_cat":[878,1095],"product_tag":[888,881,891,889,880],"class_list":{"0":"post-25928","1":"product","2":"type-product","3":"status-publish","4":"has-post-thumbnail","6":"product_cat-boutique-du-chat","7":"product_cat-friandises-pour-chats","8":"product_tag-chien","9":"product_tag-en-bonne-sante","10":"product_tag-en-route","11":"product_tag-friandises-pour-chiens","12":"product_tag-petit-chien","14":"first","15":"instock","16":"shipping-taxable","17":"purchasable","18":"product-type-simple"},"_links":{"self":[{"href":"https:\/\/mikkis.ch\/fr\/wp-json\/wp\/v2\/product\/25928","targetHints":{"allow":["GET"]}}],"collection":[{"href":"https:\/\/mikkis.ch\/fr\/wp-json\/wp\/v2\/product"}],"about":[{"href":"https:\/\/mikkis.ch\/fr\/wp-json\/wp\/v2\/types\/product"}],"replies":[{"embeddable":true,"href":"https:\/\/mikkis.ch\/fr\/wp-json\/wp\/v2\/comments?post=25928"}],"wp:featuredmedia":[{"embeddable":true,"href":"https:\/\/mikkis.ch\/fr\/wp-json\/wp\/v2\/media\/25898"}],"wp:attachment":[{"href":"https:\/\/mikkis.ch\/fr\/wp-json\/wp\/v2\/media?parent=25928"}],"wp:term":[{"taxonomy":"product_brand","embeddable":true,"href":"https:\/\/mikkis.ch\/fr\/wp-json\/wp\/v2\/product_brand?post=25928"},{"taxonomy":"product_cat","embeddable":true,"href":"https:\/\/mikkis.ch\/fr\/wp-json\/wp\/v2\/product_cat?post=25928"},{"taxonomy":"product_tag","embeddable":true,"href":"https:\/\/mikkis.ch\/fr\/wp-json\/wp\/v2\/product_tag?post=25928"}],"curies":[{"name":"wp","href":"https:\/\/api.w.org\/{rel}","templated":true}]}}