{"id":26280,"date":"2026-03-24T16:18:14","date_gmt":"2026-03-24T15:18:14","guid":{"rendered":"https:\/\/mikkis.ch\/?post_type=product&#038;p=26280"},"modified":"2026-03-24T16:27:51","modified_gmt":"2026-03-24T15:27:51","slug":"transport-de-chatons-crispin-onyx-kopie-2","status":"publish","type":"product","link":"https:\/\/mikkis.ch\/fr\/produit\/transport-de-chatons-crispin-onyx-kopie-2\/","title":{"rendered":"Si\u00e8ge auto pour chien \/ sac pour chien Crispin Onyx"},"content":{"rendered":"<h2>Si\u00e8ge auto pour chien \/ sac pour chien Crispin, la s\u00e9curit\u00e9 ultime<\/h2>\n<p>Le si\u00e8ge auto pour chien \/ sac pour chien Crispin est la solution id\u00e9ale pour tous ceux qui ne poss\u00e8dent pas de break ou de SUV et qui souhaitent n\u00e9anmoins transporter leur animal domestique en toute s\u00e9curit\u00e9. Cette cage de transport spacieuse pour animaux domestiques peut \u00eatre fix\u00e9e dans la voiture gr\u00e2ce au syst\u00e8me de s\u00e9curit\u00e9 int\u00e9gr\u00e9. Con\u00e7u pour r\u00e9duire les distractions pendant la conduite, pour transporter ton animal de compagnie confortablement et en toute s\u00e9curit\u00e9 et pour garder l&rsquo;int\u00e9rieur de ta voiture propre.  <\/p>\n<p class=\"paragraph\"><span class=\"eop\"><span lang=\"EN-US\">Avec son grand design spacieux et ses inserts en maille a\u00e9r\u00e9e, la caisse de transport Crispin pour animaux domestiques de Tavo offre un endroit confortable, m\u00eame en d\u00e9placement, o\u00f9 ton animal favori se sent comme \u00e0 la maison. Les sangles int\u00e9gr\u00e9es maintiennent le Crispin bien en place. Pour assurer ta protection, la caisse de transport a \u00e9t\u00e9 test\u00e9e en crash. Et si tu as besoin d&rsquo;un autre espace, tu peux plier et ranger le Crispin en un rien de temps.   <\/span><\/span><\/p>\n<ul>\n<li>Con\u00e7u pour r\u00e9duire l&rsquo;anxi\u00e9t\u00e9 et donner \u00e0 ton animal de compagnie un sentiment de s\u00e9curit\u00e9, m\u00eame en voiture.<\/li>\n<li>Les panneaux d&rsquo;a\u00e9ration en mesh plac\u00e9s tout autour assurent la circulation de l&rsquo;air et offrent \u00e0 ton animal de compagnie une vue sur son environnement.<\/li>\n<li>Les portes hautes de chaque c\u00f4t\u00e9 de la caisse de transport s&rsquo;ouvrent \u00e0 l&rsquo;aide d&rsquo;une fermeture \u00e9clair et permettent ainsi un acc\u00e8s facile \u00e0 ton animal de compagnie.<\/li>\n<li>Le fond stabilis\u00e9 offre une r\u00e9partition uniforme du poids afin d&rsquo;\u00e9viter l&rsquo;affaissement et les in\u00e9galit\u00e9s et d&rsquo;am\u00e9liorer le confort global pour toi et ton animal.<\/li>\n<li>Les tissus sont par nature difficilement inflammables, exempts de produits chimiques ignifuges nocifs et donc plus s\u00fbrs pour ton animal de compagnie.<\/li>\n<li>Comprend deux surmatelas qui peuvent \u00eatre nettoy\u00e9s en machine.<\/li>\n<li>Un surmatelas standard &#8211; un tissu r\u00e9sistant qui s&rsquo;accorde avec la couleur ext\u00e9rieure du Crispin.<\/li>\n<li>Un matelas confortable en peluche trait\u00e9e avec une technologie \u00e9cologique \u00e0 base de zinc, qui offre une protection antimicrobienne et prot\u00e8ge contre les bact\u00e9ries responsables des odeurs.<\/li>\n<li>L&rsquo;enveloppe ext\u00e9rieure est renforc\u00e9e par un mat\u00e9riau r\u00e9sistant, entour\u00e9 d&rsquo;une couche de tissu protecteur qui r\u00e9siste aux contraintes des voyages avec des animaux de compagnie.<\/li>\n<li>Des accents de haute qualit\u00e9 en cuir v\u00e9g\u00e9talien pour une touche de luxe.<\/li>\n<li>Se fixe solidement sur le si\u00e8ge du v\u00e9hicule et emp\u00eache la caisse de transport et ton animal de compagnie d&rsquo;\u00eatre projet\u00e9s dans les airs et de blesser les autres occupants du v\u00e9hicule en cas d&rsquo;arr\u00eat soudain ou d&rsquo;accident.<\/li>\n<li>Crash-test dans des installations de test dynamiques dot\u00e9es d&rsquo;un \u00e9quipement et d&rsquo;une technologie de pointe, conformes \u00e0 la derni\u00e8re norme ECE R129 des Nations unies sur les syst\u00e8mes de retenue pour enfants.<\/li>\n<li>Une protection unique en mousse \u00e0 m\u00e9moire de forme Tailor Tech\u2122, qui sert de protection contre les chocs lat\u00e9raux, est fix\u00e9e vers le c\u00f4t\u00e9 de la porte et absorbe l&rsquo;\u00e9nergie en cas de choc.<\/li>\n<li>Des connecteurs qui s&rsquo;enclenchent dans les ancrages Isofix inf\u00e9rieurs du v\u00e9hicule et une sangle de maintien sup\u00e9rieure (Top Tether) garantissent une installation s\u00fbre et simple.<\/li>\n<li>Une traction sur les boucles rouges lib\u00e8re l&rsquo;ancrage Isofix inf\u00e9rieur.<\/li>\n<li>Le Crispin se plie facilement et se range dans le sac de transport fourni.<\/li>\n<li>Les connecteurs peuvent \u00eatre rang\u00e9s dans un compartiment inf\u00e9rieur de la bo\u00eete de transport \u00e0 l&rsquo;aide d&rsquo;une fermeture \u00e0 glissi\u00e8re, ce qui assure \u00e9galement un design \u00e9l\u00e9gant.<\/li>\n<li>La livraison comprend un sac de transport et une housse anti-poussi\u00e8re pour le transport et la protection.<\/li>\n<\/ul>\n<p><strong>Contenu de l&#8217;emballage :<\/strong><\/p>\n<ul>\n<li>2x matelas<br \/>\n-&gt; 1x matelas avec housse douillette<br \/>\n-&gt; 1x matelas avec housse r\u00e9sistante<\/li>\n<li>Protection contre les chocs lat\u00e9raux<\/li>\n<li>2x laisses courtes<\/li>\n<li>Sac de transport<\/li>\n<li>Housse anti-poussi\u00e8re<\/li>\n<\/ul>\n<p><strong>Dimensions et donn\u00e9es techniques :<\/strong><\/p>\n<p>Crispin Small :<br \/>\nDimensions ext\u00e9rieures : L 63,5 x l 45,7 x H 53 cm<br \/>\nDimensions int\u00e9rieures : L 61 x l 43 x H 44,5 cm<br \/>\nDimensions de pliage : L 73 x l 59 x H 18 cm<br \/>\nPoids : 3,4 kg<br \/>\nCapacit\u00e9 de charge : jusqu&rsquo;\u00e0 22,7 kg<\/p>\n<p>Crispin Medium :<br \/>\nDimensions ext\u00e9rieures : L 75 x l 45,7 x H 53 cm<br \/>\nDimensions int\u00e9rieures : L 72,5 x l 43 x H 44,5 cm<br \/>\nDimensions pli\u00e9es : L 77,5 x l 59 x H 18 cm<br \/>\nPoids : 3,6 kg<br \/>\nCapacit\u00e9 de charge : jusqu&rsquo;\u00e0 24,9 kg<\/p>\n<p>Crispin Large :<br \/>\nDimensions ext\u00e9rieures : L 85 x l 45,7 x H 54,5 cm<br \/>\nDimensions int\u00e9rieures : L 82,5 x l 43 x H 46 cm<br \/>\nDimensions pli\u00e9es : L 91 x l 61,5 x H 18 cm<br \/>\nPoids : 4 kg<br \/>\nCapacit\u00e9 de charge : jusqu&rsquo;\u00e0 27,2 kg<\/p>\n<p><a href=\"https:\/\/mikkis.ch\/fr\/aider-fait-du-bien\/\"><strong>Aider fait du bien !  <\/strong><\/a>MIKKIS aide &#8230; gr\u00e2ce \u00e0 tes achats, nous soutenons diff\u00e9rentes organisations de sauvetage d&rsquo;animaux !<\/p>\n<p>Tous les prix de notre boutique exclusive pour chiens et chats s&rsquo;entendent TVA incluse. Les livraisons sont effectu\u00e9es sans frais d&rsquo;envoi, ind\u00e9pendamment de la taille &amp; du poids de l&rsquo;envoi, pour toute la Suisse ! <\/p>\n","protected":false},"excerpt":{"rendered":"<p>Le si\u00e8ge auto pour chien \/ sac pour chien Crispin est la solution id\u00e9ale pour tous ceux qui ne poss\u00e8dent pas de break ou de SUV et qui souhaitent n\u00e9anmoins transporter leur animal domestique en toute s\u00e9curit\u00e9. Cette cage de transport spacieuse pour animaux domestiques peut \u00eatre fix\u00e9e dans la voiture gr\u00e2ce au syst\u00e8me de s\u00e9curit\u00e9 int\u00e9gr\u00e9. Con\u00e7u pour r\u00e9duire les distractions pendant la conduite, pour transporter ton animal de compagnie confortablement et en toute s\u00e9curit\u00e9 et pour garder l&rsquo;int\u00e9rieur de ta voiture propre.  <\/p>\n<p class=\"paragraph\"><span class=\"eop\"><span lang=\"EN-US\">Avec son grand design spacieux et ses inserts en maille a\u00e9r\u00e9e, la caisse de transport Crispin pour animaux domestiques de Tavo offre un endroit confortable, m\u00eame en d\u00e9placement, o\u00f9 ton animal favori se sent comme \u00e0 la maison. Les sangles int\u00e9gr\u00e9es maintiennent le Crispin bien en place. Pour assurer ta protection, la caisse de transport a \u00e9t\u00e9 test\u00e9e en crash. Et si tu as besoin d&rsquo;un autre espace, tu peux plier et ranger le Crispin en un rien de temps.   <\/span><\/span><\/p>\n","protected":false},"featured_media":26235,"comment_status":"closed","ping_status":"closed","template":"","meta":[],"product_brand":[],"product_cat":[886,875,890],"product_tag":[],"class_list":{"0":"post-26280","1":"product","2":"type-product","3":"status-publish","4":"has-post-thumbnail","6":"product_cat-boutique-pour-chiens","7":"product_cat-non-categorise","8":"product_cat-sac-a-dos-pour-chien-sac-de-transport-pour-chien-transport-de-chien","10":"first","11":"instock","12":"shipping-taxable","13":"purchasable","14":"product-type-variable"},"_links":{"self":[{"href":"https:\/\/mikkis.ch\/fr\/wp-json\/wp\/v2\/product\/26280","targetHints":{"allow":["GET"]}}],"collection":[{"href":"https:\/\/mikkis.ch\/fr\/wp-json\/wp\/v2\/product"}],"about":[{"href":"https:\/\/mikkis.ch\/fr\/wp-json\/wp\/v2\/types\/product"}],"replies":[{"embeddable":true,"href":"https:\/\/mikkis.ch\/fr\/wp-json\/wp\/v2\/comments?post=26280"}],"wp:featuredmedia":[{"embeddable":true,"href":"https:\/\/mikkis.ch\/fr\/wp-json\/wp\/v2\/media\/26235"}],"wp:attachment":[{"href":"https:\/\/mikkis.ch\/fr\/wp-json\/wp\/v2\/media?parent=26280"}],"wp:term":[{"taxonomy":"product_brand","embeddable":true,"href":"https:\/\/mikkis.ch\/fr\/wp-json\/wp\/v2\/product_brand?post=26280"},{"taxonomy":"product_cat","embeddable":true,"href":"https:\/\/mikkis.ch\/fr\/wp-json\/wp\/v2\/product_cat?post=26280"},{"taxonomy":"product_tag","embeddable":true,"href":"https:\/\/mikkis.ch\/fr\/wp-json\/wp\/v2\/product_tag?post=26280"}],"curies":[{"name":"wp","href":"https:\/\/api.w.org\/{rel}","templated":true}]}}