{"id":26455,"date":"2021-07-13T12:13:30","date_gmt":"2021-07-13T12:13:30","guid":{"rendered":"https:\/\/mikkis.ch\/produkt\/sac-a-main-chewy-vuiton-jouet-pour-chien-en-peluche\/"},"modified":"2021-07-13T12:13:30","modified_gmt":"2021-07-13T10:13:30","slug":"sac-a-main-chewy-vuiton-jouet-pour-chien-en-peluche","status":"publish","type":"product","link":"https:\/\/mikkis.ch\/fr\/produit\/sac-a-main-chewy-vuiton-jouet-pour-chien-en-peluche\/","title":{"rendered":"Sac \u00e0 main Chewy Vuiton &#8211; Jouet pour chien en peluche"},"content":{"rendered":"<h2>Paris is calling &#8211; le sac \u00e0 main Chewy Vuiton pour le chien de la mode !<\/h2>\n<p>Le sac \u00e0 main Chewy Vuiton &#8211; en route pour Paris ! Une journ\u00e9e parfaite pour un chien ne saurait \u00eatre compl\u00e8te sans un jeu prolong\u00e9 avec un jouet pour chien. On n&rsquo;a jamais assez de jouets pour chiens. Ce sac \u00e0 main rigolo \u00e9met un joli couinement lorsqu&rsquo;on appuie un peu dessus. Cela fait plaisir au chien et \u00e0 son ma\u00eetre.    <\/p>\n<p><strong>Taille<\/strong><br \/>\n17 x 10 cm<\/p>\n<p><a href=\"https:\/\/mikkis.ch\/fr\/aider-fait-du-bien\/\"><strong>Aider fait du bien !  <\/strong><\/a>MIKKIS aide &#8230; gr\u00e2ce \u00e0 tes achats, nous soutenons diff\u00e9rentes organisations de sauvetage d&rsquo;animaux !<\/p>\n<p>Tous les prix de notre boutique exclusive pour chiens et chats s&rsquo;entendent TVA incluse. Les livraisons sont effectu\u00e9es sans frais d&rsquo;envoi, ind\u00e9pendamment de la taille &amp; du poids de l&rsquo;envoi, pour toute la Suisse ! <\/p>\n","protected":false},"excerpt":{"rendered":"<h2>Paris is calling &#8211; le sac \u00e0 main Chewy Vuiton pour le chien de la mode !<\/h2>\n<p>Le sac \u00e0 main Chewy Vuiton &#8211; en route pour Paris ! Une journ\u00e9e de chien parfaite ne saurait \u00eatre compl\u00e8te sans de nombreux jeux. On n&rsquo;a jamais assez de jouets pour chiens. Ce sac \u00e0 main rigolo \u00e9met un joli couinement lorsqu&rsquo;on appuie un peu dessus. Cela fait plaisir au chien et \u00e0 son ma\u00eetre.    <\/p>\n","protected":false},"featured_media":19164,"comment_status":"open","ping_status":"closed","template":"","meta":[],"product_brand":[],"product_cat":[886,942],"product_tag":[888,907,880,882],"class_list":{"0":"post-26455","1":"product","2":"type-product","3":"status-publish","4":"has-post-thumbnail","6":"product_cat-boutique-pour-chiens","7":"product_cat-jouets-pour-chiens","8":"product_tag-chien","9":"product_tag-jouets","10":"product_tag-petit-chien","11":"product_tag-un-habitat-plus-beau","13":"first","14":"instock","15":"shipping-taxable","16":"purchasable","17":"product-type-simple"},"_links":{"self":[{"href":"https:\/\/mikkis.ch\/fr\/wp-json\/wp\/v2\/product\/26455","targetHints":{"allow":["GET"]}}],"collection":[{"href":"https:\/\/mikkis.ch\/fr\/wp-json\/wp\/v2\/product"}],"about":[{"href":"https:\/\/mikkis.ch\/fr\/wp-json\/wp\/v2\/types\/product"}],"replies":[{"embeddable":true,"href":"https:\/\/mikkis.ch\/fr\/wp-json\/wp\/v2\/comments?post=26455"}],"wp:featuredmedia":[{"embeddable":true,"href":"https:\/\/mikkis.ch\/fr\/wp-json\/wp\/v2\/media\/19164"}],"wp:attachment":[{"href":"https:\/\/mikkis.ch\/fr\/wp-json\/wp\/v2\/media?parent=26455"}],"wp:term":[{"taxonomy":"product_brand","embeddable":true,"href":"https:\/\/mikkis.ch\/fr\/wp-json\/wp\/v2\/product_brand?post=26455"},{"taxonomy":"product_cat","embeddable":true,"href":"https:\/\/mikkis.ch\/fr\/wp-json\/wp\/v2\/product_cat?post=26455"},{"taxonomy":"product_tag","embeddable":true,"href":"https:\/\/mikkis.ch\/fr\/wp-json\/wp\/v2\/product_tag?post=26455"}],"curies":[{"name":"wp","href":"https:\/\/api.w.org\/{rel}","templated":true}]}}